{"id":2209,"date":"2024-09-20T16:38:53","date_gmt":"2024-09-20T15:38:53","guid":{"rendered":"https:\/\/ekoni.hu\/?post_type=product&#038;p=2209"},"modified":"2025-12-04T11:27:15","modified_gmt":"2025-12-04T10:27:15","slug":"rojtos-alju-kabat","status":"publish","type":"product","link":"https:\/\/ekoni.hu\/en\/uzlet\/xv-szazad-1400-1500\/rojtos-alju-kabat\/","title":{"rendered":"Late medieval overcoat (fringed rim)"},"content":{"rendered":"<p><span id=\"table\">\n    <h3 class=\"wpdt-c\"\n        id=\"wdt-table-title-2\">Coat<\/h3>\n<div class=\"wpdt-c row wpDataTableContainerSimpleTable wpDataTables wpDataTablesWrapper\"\n    >\n        <table id=\"wpdtSimpleTable-2\"\n           style=\"border-collapse:collapse;                   border-spacing:0px;\"\n           class=\"wpdtSimpleTable wpDataTable\"\n           data-column=\"4\"\n           data-rows=\"7\"\n           data-wpid=\"2\"\n           data-responsive=\"0\"\n           data-has-header=\"0\">\n\n                    <tbody>        <tr class=\"wpdt-cell-row\" >\n                                <td class=\"wpdt-cell\"\n                                            data-cell-id=\"A1\"\n                    data-col-index=\"0\"\n                    data-row-index=\"0\"\n                    style=\" width:25%;                    padding:10px;                    \"\n                    >\n                                        M\u00e9ret \/ Size                    <\/td>\n                                                <td class=\"wpdt-cell\"\n                                            data-cell-id=\"B1\"\n                    data-col-index=\"1\"\n                    data-row-index=\"0\"\n                    style=\" width:25%;                    padding:10px;                    \"\n                    >\n                                        The size of the bust \/ Chest size                    <\/td>\n                                                <td class=\"wpdt-cell\"\n                                            data-cell-id=\"C1\"\n                    data-col-index=\"2\"\n                    data-row-index=\"0\"\n                    style=\" width:25%;                    padding:10px;                    \"\n                    >\n                                        Testmagass\u00e1g \/ Body height                    <\/td>\n                                                <td class=\"wpdt-cell\"\n                                            data-cell-id=\"D1\"\n                    data-col-index=\"3\"\n                    data-row-index=\"0\"\n                    style=\" width:25%;                    padding:10px;                    \"\n                    >\n                                        V\u00e1llm\u00e9ret \/ Shoulder size                    <\/td>\n                                        <\/tr>\n                            <tr class=\"wpdt-cell-row\" >\n                                <td class=\"wpdt-cell\"\n                                            data-cell-id=\"A2\"\n                    data-col-index=\"0\"\n                    data-row-index=\"1\"\n                    style=\"                    padding:10px;                    \"\n                    >\n                                        S                    <\/td>\n                                                <td class=\"wpdt-cell\"\n                                            data-cell-id=\"B2\"\n                    data-col-index=\"1\"\n                    data-row-index=\"1\"\n                    style=\"                    padding:10px;                    \"\n                    >\n                                        94-97 cm                    <\/td>\n                                                <td class=\"wpdt-cell\"\n                                            data-cell-id=\"C2\"\n                    data-col-index=\"2\"\n                    data-row-index=\"1\"\n                    style=\"                    padding:10px;                    \"\n                    >\n                                        170-180 cm                    <\/td>\n                                                <td class=\"wpdt-cell\"\n                                            data-cell-id=\"D2\"\n                    data-col-index=\"3\"\n                    data-row-index=\"1\"\n                    style=\"                    padding:10px;                    \"\n                    >\n                                        16 cm                    <\/td>\n                                        <\/tr>\n                            <tr class=\"wpdt-cell-row\" >\n                                <td class=\"wpdt-cell\"\n                                            data-cell-id=\"A3\"\n                    data-col-index=\"0\"\n                    data-row-index=\"2\"\n                    style=\"                    padding:10px;                    \"\n                    >\n                                        M                    <\/td>\n                                                <td class=\"wpdt-cell\"\n                                            data-cell-id=\"B3\"\n                    data-col-index=\"1\"\n                    data-row-index=\"2\"\n                    style=\"                    padding:10px;                    \"\n                    >\n                                        98-101 cm                    <\/td>\n                                                <td class=\"wpdt-cell\"\n                                            data-cell-id=\"C3\"\n                    data-col-index=\"2\"\n                    data-row-index=\"2\"\n                    style=\"                    padding:10px;                    \"\n                    >\n                                        170-180 cm                    <\/td>\n                                                <td class=\"wpdt-cell\"\n                                            data-cell-id=\"D3\"\n                    data-col-index=\"3\"\n                    data-row-index=\"2\"\n                    style=\"                    padding:10px;                    \"\n                    >\n                                        16,5 cm                    <\/td>\n                                        <\/tr>\n                            <tr class=\"wpdt-cell-row\" >\n                                <td class=\"wpdt-cell\"\n                                            data-cell-id=\"A4\"\n                    data-col-index=\"0\"\n                    data-row-index=\"3\"\n                    style=\"                    padding:10px;                    \"\n                    >\n                                        L                    <\/td>\n                                                <td class=\"wpdt-cell\"\n                                            data-cell-id=\"B4\"\n                    data-col-index=\"1\"\n                    data-row-index=\"3\"\n                    style=\"                    padding:10px;                    \"\n                    >\n                                        102-105 cm                    <\/td>\n                                                <td class=\"wpdt-cell\"\n                                            data-cell-id=\"C4\"\n                    data-col-index=\"2\"\n                    data-row-index=\"3\"\n                    style=\"                    padding:10px;                    \"\n                    >\n                                        170-180 cm                    <\/td>\n                                                <td class=\"wpdt-cell\"\n                                            data-cell-id=\"D4\"\n                    data-col-index=\"3\"\n                    data-row-index=\"3\"\n                    style=\"                    padding:10px;                    \"\n                    >\n                                        17 cm                    <\/td>\n                                        <\/tr>\n                            <tr class=\"wpdt-cell-row\" >\n                                <td class=\"wpdt-cell\"\n                                            data-cell-id=\"A5\"\n                    data-col-index=\"0\"\n                    data-row-index=\"4\"\n                    style=\"                    padding:10px;                    \"\n                    >\n                                        XL                    <\/td>\n                                                <td class=\"wpdt-cell\"\n                                            data-cell-id=\"B5\"\n                    data-col-index=\"1\"\n                    data-row-index=\"4\"\n                    style=\"                    padding:10px;                    \"\n                    >\n                                        106-109 cm                    <\/td>\n                                                <td class=\"wpdt-cell\"\n                                            data-cell-id=\"C5\"\n                    data-col-index=\"2\"\n                    data-row-index=\"4\"\n                    style=\"                    padding:10px;                    \"\n                    >\n                                        170-180 cm                    <\/td>\n                                                <td class=\"wpdt-cell\"\n                                            data-cell-id=\"D5\"\n                    data-col-index=\"3\"\n                    data-row-index=\"4\"\n                    style=\"                    padding:10px;                    \"\n                    >\n                                        17,5 cm                    <\/td>\n                                        <\/tr>\n                            <tr class=\"wpdt-cell-row\" >\n                                <td class=\"wpdt-cell\"\n                                            data-cell-id=\"A6\"\n                    data-col-index=\"0\"\n                    data-row-index=\"5\"\n                    style=\"                    padding:10px;                    \"\n                    >\n                                        2XL                    <\/td>\n                                                <td class=\"wpdt-cell\"\n                                            data-cell-id=\"B6\"\n                    data-col-index=\"1\"\n                    data-row-index=\"5\"\n                    style=\"                    padding:10px;                    \"\n                    >\n                                        110-113 cm                    <\/td>\n                                                <td class=\"wpdt-cell\"\n                                            data-cell-id=\"C6\"\n                    data-col-index=\"2\"\n                    data-row-index=\"5\"\n                    style=\"                    padding:10px;                    \"\n                    >\n                                        170-180 cm                    <\/td>\n                                                <td class=\"wpdt-cell\"\n                                            data-cell-id=\"D6\"\n                    data-col-index=\"3\"\n                    data-row-index=\"5\"\n                    style=\"                    padding:10px;                    \"\n                    >\n                                        18 cm                    <\/td>\n                                        <\/tr>\n                            <tr class=\"wpdt-cell-row\" >\n                                <td class=\"wpdt-cell\"\n                                            data-cell-id=\"A7\"\n                    data-col-index=\"0\"\n                    data-row-index=\"6\"\n                    style=\"                    padding:10px;                    \"\n                    >\n                                        3XL                    <\/td>\n                                                <td class=\"wpdt-cell\"\n                                            data-cell-id=\"B7\"\n                    data-col-index=\"1\"\n                    data-row-index=\"6\"\n                    style=\"                    padding:10px;                    \"\n                    >\n                                        114-117 cm                    <\/td>\n                                                <td class=\"wpdt-cell\"\n                                            data-cell-id=\"C7\"\n                    data-col-index=\"2\"\n                    data-row-index=\"6\"\n                    style=\"                    padding:10px;                    \"\n                    >\n                                        170-180 cm                    <\/td>\n                                                <td class=\"wpdt-cell\"\n                                            data-cell-id=\"D7\"\n                    data-col-index=\"3\"\n                    data-row-index=\"6\"\n                    style=\"                    padding:10px;                    \"\n                    >\n                                        18,5 cm                    <\/td>\n                                        <\/tr>\n                    <\/table>\n<\/div><style id='wpdt-custom-style-2'>\n<\/style>\n <\/span><\/p>","protected":false},"excerpt":{"rendered":"<p>A very spectacular outfit. Split on the sleeves, practical wear when it's too hot or too cold.<\/p>\n<p>Hivatkoz\u00e1s: Chapter LV: The Lover takes leave of Friend.<\/p>\n<h3><a href=\"#table\">Size chart <\/a><\/h3>","protected":false},"featured_media":2190,"comment_status":"open","ping_status":"closed","template":"","meta":{"site-sidebar-layout":"default","site-content-layout":"","ast-site-content-layout":"default","site-content-style":"default","site-sidebar-style":"default","ast-global-header-display":"","ast-banner-title-visibility":"","ast-main-header-display":"","ast-hfb-above-header-display":"","ast-hfb-below-header-display":"","ast-hfb-mobile-header-display":"","site-post-title":"","ast-breadcrumbs-content":"","ast-featured-img":"","footer-sml-layout":"","ast-disable-related-posts":"","theme-transparent-header-meta":"default","adv-header-id-meta":"","stick-header-meta":"","header-above-stick-meta":"","header-main-stick-meta":"","header-below-stick-meta":"","astra-migrate-meta-layouts":"set","ast-page-background-enabled":"default","ast-page-background-meta":{"desktop":{"background-color":"var(--ast-global-color-4)","background-image":"","background-repeat":"repeat","background-position":"center center","background-size":"auto","background-attachment":"scroll","background-type":"","background-media":"","overlay-type":"","overlay-color":"","overlay-opacity":"","overlay-gradient":""},"tablet":{"background-color":"","background-image":"","background-repeat":"repeat","background-position":"center center","background-size":"auto","background-attachment":"scroll","background-type":"","background-media":"","overlay-type":"","overlay-color":"","overlay-opacity":"","overlay-gradient":""},"mobile":{"background-color":"","background-image":"","background-repeat":"repeat","background-position":"center center","background-size":"auto","background-attachment":"scroll","background-type":"","background-media":"","overlay-type":"","overlay-color":"","overlay-opacity":"","overlay-gradient":""}},"ast-content-background-meta":{"desktop":{"background-color":"var(--ast-global-color-5)","background-image":"","background-repeat":"repeat","background-position":"center center","background-size":"auto","background-attachment":"scroll","background-type":"","background-media":"","overlay-type":"","overlay-color":"","overlay-opacity":"","overlay-gradient":""},"tablet":{"background-color":"var(--ast-global-color-5)","background-image":"","background-repeat":"repeat","background-position":"center center","background-size":"auto","background-attachment":"scroll","background-type":"","background-media":"","overlay-type":"","overlay-color":"","overlay-opacity":"","overlay-gradient":""},"mobile":{"background-color":"var(--ast-global-color-5)","background-image":"","background-repeat":"repeat","background-position":"center center","background-size":"auto","background-attachment":"scroll","background-type":"","background-media":"","overlay-type":"","overlay-color":"","overlay-opacity":"","overlay-gradient":""}}},"product_brand":[],"product_cat":[28],"product_tag":[],"class_list":{"0":"post-2209","1":"product","2":"type-product","3":"status-publish","4":"has-post-thumbnail","6":"product_cat-xv-szazad-1400-1500","7":"desktop-align-center","8":"tablet-align-left","9":"mobile-align-left","11":"first","12":"instock","13":"shipping-taxable","14":"purchasable","15":"product-type-simple"},"yoast_head":"<!-- This site is optimized with the Yoast SEO plugin v27.4 - https:\/\/yoast.com\/product\/yoast-seo-wordpress\/ -->\n<title>Rojtos alj\u00fa kab\u00e1t - Ekoni<\/title>\n<meta name=\"robots\" content=\"index, follow, max-snippet:-1, max-image-preview:large, max-video-preview:-1\" \/>\n<link rel=\"canonical\" href=\"https:\/\/ekoni.hu\/en\/uzlet\/xv-szazad-1400-1500\/rojtos-alju-kabat\/\" \/>\n<meta property=\"og:locale\" content=\"en_GB\" \/>\n<meta property=\"og:type\" content=\"article\" \/>\n<meta property=\"og:title\" content=\"Rojtos alj\u00fa kab\u00e1t - Ekoni\" \/>\n<meta property=\"og:description\" content=\"Nagyon l\u00e1tv\u00e1nyos viselet. Az ujj\u00e1n has\u00edtott, praktikus viselet ha t\u00fal meleg van, vagy t\u00fal hideg van.  Hivatkoz\u00e1s: Chapter LV: The Lover takes leave of Friend. M\u00e9ret t\u00e1bl\u00e1zat\" \/>\n<meta property=\"og:url\" content=\"https:\/\/ekoni.hu\/en\/uzlet\/xv-szazad-1400-1500\/rojtos-alju-kabat\/\" \/>\n<meta property=\"og:site_name\" content=\"Ekoni\" \/>\n<meta property=\"article:modified_time\" content=\"2025-12-04T10:27:15+00:00\" \/>\n<meta property=\"og:image\" content=\"http:\/\/ekoni.hu\/wp-content\/uploads\/2024\/09\/P1024617-masolat-scaled-e1733133878638.jpg\" \/>\n\t<meta property=\"og:image:width\" content=\"1707\" \/>\n\t<meta property=\"og:image:height\" content=\"1707\" \/>\n\t<meta property=\"og:image:type\" content=\"image\/jpeg\" \/>\n<meta name=\"twitter:card\" content=\"summary_large_image\" \/>\n<meta name=\"twitter:label1\" content=\"Estimated reading time\" \/>\n\t<meta name=\"twitter:data1\" content=\"1 minute\" \/>\n<script type=\"application\/ld+json\" class=\"yoast-schema-graph\">{\"@context\":\"https:\\\/\\\/schema.org\",\"@graph\":[{\"@type\":\"WebPage\",\"@id\":\"https:\\\/\\\/ekoni.hu\\\/uzlet\\\/xv-szazad-1400-1500\\\/rojtos-alju-kabat\\\/\",\"url\":\"https:\\\/\\\/ekoni.hu\\\/uzlet\\\/xv-szazad-1400-1500\\\/rojtos-alju-kabat\\\/\",\"name\":\"Rojtos alj\u00fa kab\u00e1t - Ekoni\",\"isPartOf\":{\"@id\":\"https:\\\/\\\/ekoni.hu\\\/#website\"},\"primaryImageOfPage\":{\"@id\":\"https:\\\/\\\/ekoni.hu\\\/uzlet\\\/xv-szazad-1400-1500\\\/rojtos-alju-kabat\\\/#primaryimage\"},\"image\":{\"@id\":\"https:\\\/\\\/ekoni.hu\\\/uzlet\\\/xv-szazad-1400-1500\\\/rojtos-alju-kabat\\\/#primaryimage\"},\"thumbnailUrl\":\"https:\\\/\\\/ekoni.hu\\\/wp-content\\\/uploads\\\/2024\\\/09\\\/P1024617-masolat-scaled-e1733133878638.jpg\",\"datePublished\":\"2024-09-20T15:38:53+00:00\",\"dateModified\":\"2025-12-04T10:27:15+00:00\",\"breadcrumb\":{\"@id\":\"https:\\\/\\\/ekoni.hu\\\/uzlet\\\/xv-szazad-1400-1500\\\/rojtos-alju-kabat\\\/#breadcrumb\"},\"inLanguage\":\"en-GB\",\"potentialAction\":[{\"@type\":\"ReadAction\",\"target\":[\"https:\\\/\\\/ekoni.hu\\\/uzlet\\\/xv-szazad-1400-1500\\\/rojtos-alju-kabat\\\/\"]}]},{\"@type\":\"ImageObject\",\"inLanguage\":\"en-GB\",\"@id\":\"https:\\\/\\\/ekoni.hu\\\/uzlet\\\/xv-szazad-1400-1500\\\/rojtos-alju-kabat\\\/#primaryimage\",\"url\":\"https:\\\/\\\/ekoni.hu\\\/wp-content\\\/uploads\\\/2024\\\/09\\\/P1024617-masolat-scaled-e1733133878638.jpg\",\"contentUrl\":\"https:\\\/\\\/ekoni.hu\\\/wp-content\\\/uploads\\\/2024\\\/09\\\/P1024617-masolat-scaled-e1733133878638.jpg\",\"width\":1707,\"height\":1707},{\"@type\":\"BreadcrumbList\",\"@id\":\"https:\\\/\\\/ekoni.hu\\\/uzlet\\\/xv-szazad-1400-1500\\\/rojtos-alju-kabat\\\/#breadcrumb\",\"itemListElement\":[{\"@type\":\"ListItem\",\"position\":1,\"name\":\"Kezd\u0151lap\",\"item\":\"https:\\\/\\\/ekoni.hu\\\/\"},{\"@type\":\"ListItem\",\"position\":2,\"name\":\"\u00dczlet\",\"item\":\"https:\\\/\\\/ekoni.hu\\\/\"},{\"@type\":\"ListItem\",\"position\":3,\"name\":\"Rojtos alj\u00fa kab\u00e1t\"}]},{\"@type\":\"WebSite\",\"@id\":\"https:\\\/\\\/ekoni.hu\\\/#website\",\"url\":\"https:\\\/\\\/ekoni.hu\\\/\",\"name\":\"Ekoni\",\"description\":\"\",\"publisher\":{\"@id\":\"https:\\\/\\\/ekoni.hu\\\/#organization\"},\"potentialAction\":[{\"@type\":\"SearchAction\",\"target\":{\"@type\":\"EntryPoint\",\"urlTemplate\":\"https:\\\/\\\/ekoni.hu\\\/?s={search_term_string}\"},\"query-input\":{\"@type\":\"PropertyValueSpecification\",\"valueRequired\":true,\"valueName\":\"search_term_string\"}}],\"inLanguage\":\"en-GB\"},{\"@type\":\"Organization\",\"@id\":\"https:\\\/\\\/ekoni.hu\\\/#organization\",\"name\":\"Ekoni\",\"url\":\"https:\\\/\\\/ekoni.hu\\\/\",\"logo\":{\"@type\":\"ImageObject\",\"inLanguage\":\"en-GB\",\"@id\":\"https:\\\/\\\/ekoni.hu\\\/#\\\/schema\\\/logo\\\/image\\\/\",\"url\":\"https:\\\/\\\/ekoni.hu\\\/wp-content\\\/uploads\\\/2023\\\/11\\\/cropped-logo-nobg-1.png\",\"contentUrl\":\"https:\\\/\\\/ekoni.hu\\\/wp-content\\\/uploads\\\/2023\\\/11\\\/cropped-logo-nobg-1.png\",\"width\":500,\"height\":500,\"caption\":\"Ekoni\"},\"image\":{\"@id\":\"https:\\\/\\\/ekoni.hu\\\/#\\\/schema\\\/logo\\\/image\\\/\"}}]}<\/script>\n<!-- \/ Yoast SEO plugin. -->","yoast_head_json":{"title":"Rojtos alj\u00fa kab\u00e1t - Ekoni","robots":{"index":"index","follow":"follow","max-snippet":"max-snippet:-1","max-image-preview":"max-image-preview:large","max-video-preview":"max-video-preview:-1"},"canonical":"https:\/\/ekoni.hu\/en\/uzlet\/xv-szazad-1400-1500\/rojtos-alju-kabat\/","og_locale":"en_GB","og_type":"article","og_title":"Rojtos alj\u00fa kab\u00e1t - Ekoni","og_description":"Nagyon l\u00e1tv\u00e1nyos viselet. Az ujj\u00e1n has\u00edtott, praktikus viselet ha t\u00fal meleg van, vagy t\u00fal hideg van.  Hivatkoz\u00e1s: Chapter LV: The Lover takes leave of Friend. M\u00e9ret t\u00e1bl\u00e1zat","og_url":"https:\/\/ekoni.hu\/en\/uzlet\/xv-szazad-1400-1500\/rojtos-alju-kabat\/","og_site_name":"Ekoni","article_modified_time":"2025-12-04T10:27:15+00:00","og_image":[{"width":1707,"height":1707,"url":"http:\/\/ekoni.hu\/wp-content\/uploads\/2024\/09\/P1024617-masolat-scaled-e1733133878638.jpg","type":"image\/jpeg"}],"twitter_card":"summary_large_image","twitter_misc":{"Estimated reading time":"1 minute"},"schema":{"@context":"https:\/\/schema.org","@graph":[{"@type":"WebPage","@id":"https:\/\/ekoni.hu\/uzlet\/xv-szazad-1400-1500\/rojtos-alju-kabat\/","url":"https:\/\/ekoni.hu\/uzlet\/xv-szazad-1400-1500\/rojtos-alju-kabat\/","name":"Rojtos alj\u00fa kab\u00e1t - Ekoni","isPartOf":{"@id":"https:\/\/ekoni.hu\/#website"},"primaryImageOfPage":{"@id":"https:\/\/ekoni.hu\/uzlet\/xv-szazad-1400-1500\/rojtos-alju-kabat\/#primaryimage"},"image":{"@id":"https:\/\/ekoni.hu\/uzlet\/xv-szazad-1400-1500\/rojtos-alju-kabat\/#primaryimage"},"thumbnailUrl":"https:\/\/ekoni.hu\/wp-content\/uploads\/2024\/09\/P1024617-masolat-scaled-e1733133878638.jpg","datePublished":"2024-09-20T15:38:53+00:00","dateModified":"2025-12-04T10:27:15+00:00","breadcrumb":{"@id":"https:\/\/ekoni.hu\/uzlet\/xv-szazad-1400-1500\/rojtos-alju-kabat\/#breadcrumb"},"inLanguage":"en-GB","potentialAction":[{"@type":"ReadAction","target":["https:\/\/ekoni.hu\/uzlet\/xv-szazad-1400-1500\/rojtos-alju-kabat\/"]}]},{"@type":"ImageObject","inLanguage":"en-GB","@id":"https:\/\/ekoni.hu\/uzlet\/xv-szazad-1400-1500\/rojtos-alju-kabat\/#primaryimage","url":"https:\/\/ekoni.hu\/wp-content\/uploads\/2024\/09\/P1024617-masolat-scaled-e1733133878638.jpg","contentUrl":"https:\/\/ekoni.hu\/wp-content\/uploads\/2024\/09\/P1024617-masolat-scaled-e1733133878638.jpg","width":1707,"height":1707},{"@type":"BreadcrumbList","@id":"https:\/\/ekoni.hu\/uzlet\/xv-szazad-1400-1500\/rojtos-alju-kabat\/#breadcrumb","itemListElement":[{"@type":"ListItem","position":1,"name":"Kezd\u0151lap","item":"https:\/\/ekoni.hu\/"},{"@type":"ListItem","position":2,"name":"\u00dczlet","item":"https:\/\/ekoni.hu\/"},{"@type":"ListItem","position":3,"name":"Rojtos alj\u00fa kab\u00e1t"}]},{"@type":"WebSite","@id":"https:\/\/ekoni.hu\/#website","url":"https:\/\/ekoni.hu\/","name":"Ekoni","description":"","publisher":{"@id":"https:\/\/ekoni.hu\/#organization"},"potentialAction":[{"@type":"SearchAction","target":{"@type":"EntryPoint","urlTemplate":"https:\/\/ekoni.hu\/?s={search_term_string}"},"query-input":{"@type":"PropertyValueSpecification","valueRequired":true,"valueName":"search_term_string"}}],"inLanguage":"en-GB"},{"@type":"Organization","@id":"https:\/\/ekoni.hu\/#organization","name":"Ekoni","url":"https:\/\/ekoni.hu\/","logo":{"@type":"ImageObject","inLanguage":"en-GB","@id":"https:\/\/ekoni.hu\/#\/schema\/logo\/image\/","url":"https:\/\/ekoni.hu\/wp-content\/uploads\/2023\/11\/cropped-logo-nobg-1.png","contentUrl":"https:\/\/ekoni.hu\/wp-content\/uploads\/2023\/11\/cropped-logo-nobg-1.png","width":500,"height":500,"caption":"Ekoni"},"image":{"@id":"https:\/\/ekoni.hu\/#\/schema\/logo\/image\/"}}]}},"_links":{"self":[{"href":"https:\/\/ekoni.hu\/en\/wp-json\/wp\/v2\/product\/2209","targetHints":{"allow":["GET"]}}],"collection":[{"href":"https:\/\/ekoni.hu\/en\/wp-json\/wp\/v2\/product"}],"about":[{"href":"https:\/\/ekoni.hu\/en\/wp-json\/wp\/v2\/types\/product"}],"replies":[{"embeddable":true,"href":"https:\/\/ekoni.hu\/en\/wp-json\/wp\/v2\/comments?post=2209"}],"wp:featuredmedia":[{"embeddable":true,"href":"https:\/\/ekoni.hu\/en\/wp-json\/wp\/v2\/media\/2190"}],"wp:attachment":[{"href":"https:\/\/ekoni.hu\/en\/wp-json\/wp\/v2\/media?parent=2209"}],"wp:term":[{"taxonomy":"product_brand","embeddable":true,"href":"https:\/\/ekoni.hu\/en\/wp-json\/wp\/v2\/product_brand?post=2209"},{"taxonomy":"product_cat","embeddable":true,"href":"https:\/\/ekoni.hu\/en\/wp-json\/wp\/v2\/product_cat?post=2209"},{"taxonomy":"product_tag","embeddable":true,"href":"https:\/\/ekoni.hu\/en\/wp-json\/wp\/v2\/product_tag?post=2209"}],"curies":[{"name":"wp","href":"https:\/\/api.w.org\/{rel}","templated":true}]}}