{"id":612,"date":"2023-06-06T14:26:41","date_gmt":"2023-06-06T13:26:41","guid":{"rendered":"https:\/\/ekoni.hu\/?post_type=product&#038;p=612"},"modified":"2025-02-07T13:45:08","modified_gmt":"2025-02-07T12:45:08","slug":"fejrevalo-kis-sapka-infula","status":"publish","type":"product","link":"https:\/\/ekoni.hu\/en\/uzlet\/xiii-szazad\/fejrevalo-kis-sapka-infula\/","title":{"rendered":"Coif"},"content":{"rendered":"<p><span id=\"table\">\n    <h3 class=\"wpdt-c\"\n        id=\"wdt-table-title-7\">Coif<\/h3>\n<div class=\"wpdt-c row wpDataTableContainerSimpleTable wpDataTables wpDataTablesWrapper\"\n    >\n        <table id=\"wpdtSimpleTable-7\"\n           style=\"border-collapse:collapse;                   border-spacing:0px;\"\n           class=\"wpdtSimpleTable wpDataTable\"\n           data-column=\"2\"\n           data-rows=\"5\"\n           data-wpid=\"7\"\n           data-responsive=\"0\"\n           data-has-header=\"0\">\n\n                    <tbody>        <tr class=\"wpdt-cell-row\" >\n                                <td class=\"wpdt-cell\"\n                                            data-cell-id=\"A1\"\n                    data-col-index=\"0\"\n                    data-row-index=\"0\"\n                    style=\" width:30.211480362538%;                    padding:10px;                    \"\n                    >\n                                        M\u00e9ret \/ Size                    <\/td>\n                                                <td class=\"wpdt-cell\"\n                                            data-cell-id=\"B1\"\n                    data-col-index=\"1\"\n                    data-row-index=\"0\"\n                    style=\" width:69.788519637462%;                    padding:10px;                    \"\n                    >\n                                        Fejk\u00f6rm\u00e9ret \/ Head circumference                    <\/td>\n                                        <\/tr>\n                            <tr class=\"wpdt-cell-row\" >\n                                <td class=\"wpdt-cell\"\n                                            data-cell-id=\"A2\"\n                    data-col-index=\"0\"\n                    data-row-index=\"1\"\n                    style=\"                    padding:10px;                    \"\n                    >\n                                        S                    <\/td>\n                                                <td class=\"wpdt-cell\"\n                                            data-cell-id=\"B2\"\n                    data-col-index=\"1\"\n                    data-row-index=\"1\"\n                    style=\"                    padding:10px;                    \"\n                    >\n                                        56 cm                    <\/td>\n                                        <\/tr>\n                            <tr class=\"wpdt-cell-row\" >\n                                <td class=\"wpdt-cell\"\n                                            data-cell-id=\"A3\"\n                    data-col-index=\"0\"\n                    data-row-index=\"2\"\n                    style=\"                    padding:10px;                    \"\n                    >\n                                        M                    <\/td>\n                                                <td class=\"wpdt-cell\"\n                                            data-cell-id=\"B3\"\n                    data-col-index=\"1\"\n                    data-row-index=\"2\"\n                    style=\"                    padding:10px;                    \"\n                    >\n                                        58 cm                    <\/td>\n                                        <\/tr>\n                            <tr class=\"wpdt-cell-row\" >\n                                <td class=\"wpdt-cell\"\n                                            data-cell-id=\"A4\"\n                    data-col-index=\"0\"\n                    data-row-index=\"3\"\n                    style=\"                    padding:10px;                    \"\n                    >\n                                        L                    <\/td>\n                                                <td class=\"wpdt-cell\"\n                                            data-cell-id=\"B4\"\n                    data-col-index=\"1\"\n                    data-row-index=\"3\"\n                    style=\"                    padding:10px;                    \"\n                    >\n                                        60 cm                    <\/td>\n                                        <\/tr>\n                            <tr class=\"wpdt-cell-row\" >\n                                <td class=\"wpdt-cell\"\n                                            data-cell-id=\"A5\"\n                    data-col-index=\"0\"\n                    data-row-index=\"4\"\n                    style=\"                    padding:10px;                    \"\n                    >\n                                        XL                    <\/td>\n                                                <td class=\"wpdt-cell\"\n                                            data-cell-id=\"B5\"\n                    data-col-index=\"1\"\n                    data-row-index=\"4\"\n                    style=\"                    padding:10px;                    \"\n                    >\n                                        62 cm                    <\/td>\n                                        <\/tr>\n                    <\/table>\n<\/div><style id='wpdt-custom-style-7'>\n<\/style>\n <\/span><\/p>","protected":false},"excerpt":{"rendered":"<p>Material: Linen, but can also be made from wool. It can be colored, though it is typically white.<\/p>\n<p>R\u00f6vid le\u00edr\u00e1s: Sz\u0171k fejre\u00e1ll\u00f3, praktikus a ny\u00e1ri nagy melegben napsz\u00far\u00e1s ellen is, de kalap alatt \u00e9s \u00f6nmag\u00e1ban is viselt\u00e9k. a XV.sz\u00e1zad 2. fel\u00e9ben egyre ritk\u00e1bban tal\u00e1lkozhatunk vele.<\/p>\n<p>Hivatkoz\u00e1s: Federico Marangoni (XIII.Secolo, XIV.Secolo,,XV.Secolo)<br \/>\nJames H. Beck Italiai Renesz\u00e1nsz<br \/>\nDomenico di Bartolo, Distribuzione delle elemosine, Siena, Sala del Pellegrinaio dell&#8217;Ospitale di Santa Maria della Scala<br \/>\nThe Morgan Bible \/ Maciejowski Bible MS M.638 fol 15r c1244-54<br \/>\nSimone Martin, St Martin is Knighted c1320-25<\/p>\n<h3><a href=\"#table\">Size chart <\/a><\/h3>","protected":false},"featured_media":1954,"comment_status":"open","ping_status":"closed","template":"","meta":{"site-sidebar-layout":"default","site-content-layout":"default","ast-site-content-layout":"default","site-content-style":"default","site-sidebar-style":"default","ast-global-header-display":"","ast-banner-title-visibility":"","ast-main-header-display":"","ast-hfb-above-header-display":"","ast-hfb-below-header-display":"","ast-hfb-mobile-header-display":"","site-post-title":"","ast-breadcrumbs-content":"","ast-featured-img":"","footer-sml-layout":"","ast-disable-related-posts":"","theme-transparent-header-meta":"default","adv-header-id-meta":"","stick-header-meta":"","header-above-stick-meta":"","header-main-stick-meta":"","header-below-stick-meta":"","astra-migrate-meta-layouts":"set","ast-page-background-enabled":"default","ast-page-background-meta":{"desktop":{"background-color":"var(--ast-global-color-4)","background-image":"","background-repeat":"repeat","background-position":"center center","background-size":"auto","background-attachment":"scroll","background-type":"","background-media":"","overlay-type":"","overlay-color":"","overlay-opacity":"","overlay-gradient":""},"tablet":{"background-color":"","background-image":"","background-repeat":"repeat","background-position":"center center","background-size":"auto","background-attachment":"scroll","background-type":"","background-media":"","overlay-type":"","overlay-color":"","overlay-opacity":"","overlay-gradient":""},"mobile":{"background-color":"","background-image":"","background-repeat":"repeat","background-position":"center center","background-size":"auto","background-attachment":"scroll","background-type":"","background-media":"","overlay-type":"","overlay-color":"","overlay-opacity":"","overlay-gradient":""}},"ast-content-background-meta":{"desktop":{"background-color":"var(--ast-global-color-5)","background-image":"","background-repeat":"repeat","background-position":"center center","background-size":"auto","background-attachment":"scroll","background-type":"","background-media":"","overlay-type":"","overlay-color":"","overlay-opacity":"","overlay-gradient":""},"tablet":{"background-color":"var(--ast-global-color-5)","background-image":"","background-repeat":"repeat","background-position":"center center","background-size":"auto","background-attachment":"scroll","background-type":"","background-media":"","overlay-type":"","overlay-color":"","overlay-opacity":"","overlay-gradient":""},"mobile":{"background-color":"var(--ast-global-color-5)","background-image":"","background-repeat":"repeat","background-position":"center center","background-size":"auto","background-attachment":"scroll","background-type":"","background-media":"","overlay-type":"","overlay-color":"","overlay-opacity":"","overlay-gradient":""}}},"product_brand":[],"product_cat":[26,27,28],"product_tag":[],"class_list":{"0":"post-612","1":"product","2":"type-product","3":"status-publish","4":"has-post-thumbnail","6":"product_cat-xiii-szazad","7":"product_cat-xiv-szazad","8":"product_cat-xv-szazad-1400-1500","9":"desktop-align-center","10":"tablet-align-left","11":"mobile-align-left","13":"first","14":"instock","15":"shipping-taxable","16":"purchasable","17":"product-type-variable"},"yoast_head":"<!-- This site is optimized with the Yoast SEO plugin v27.4 - https:\/\/yoast.com\/product\/yoast-seo-wordpress\/ -->\n<title>Fejreval\u00f3 kis sapka Infula - Ekoni<\/title>\n<meta name=\"robots\" content=\"index, follow, max-snippet:-1, max-image-preview:large, max-video-preview:-1\" \/>\n<link rel=\"canonical\" href=\"https:\/\/ekoni.hu\/en\/uzlet\/xiii-szazad\/fejrevalo-kis-sapka-infula\/\" \/>\n<meta property=\"og:locale\" content=\"en_GB\" \/>\n<meta property=\"og:type\" content=\"article\" \/>\n<meta property=\"og:title\" content=\"Fejreval\u00f3 kis sapka Infula - Ekoni\" \/>\n<meta property=\"og:description\" content=\"Alapanyag: Lenv\u00e1szon, de k\u00e9sz\u00fclhet gyapj\u00fab\u00f3l is. Sz\u00ednes is lehet, de \u00e1ltal\u00e1ban feh\u00e9r sz\u00edn\u0171  R\u00f6vid le\u00edr\u00e1s: Sz\u0171k fejre\u00e1ll\u00f3, praktikus a ny\u00e1ri nagy melegben napsz\u00far\u00e1s ellen is, de kalap alatt \u00e9s \u00f6nmag\u00e1ban is viselt\u00e9k. a XV.sz\u00e1zad 2. fel\u00e9ben egyre ritk\u00e1bban tal\u00e1lkozhatunk vele.  Hivatkoz\u00e1s: Federico Marangoni (XIII.Secolo, XIV.Secolo,,XV.Secolo) James H. Beck Italiai Renesz\u00e1nsz Domenico di Bartolo, Distribuzione delle elemosine, Siena, Sala del Pellegrinaio dell&#039;Ospitale di Santa Maria della Scala The Morgan Bible \/ Maciejowski Bible MS M.638 fol 15r c1244-54 Simone Martin, St Martin is Knighted c1320-25  M\u00e9ret t\u00e1bl\u00e1zat\" \/>\n<meta property=\"og:url\" content=\"https:\/\/ekoni.hu\/en\/uzlet\/xiii-szazad\/fejrevalo-kis-sapka-infula\/\" \/>\n<meta property=\"og:site_name\" content=\"Ekoni\" \/>\n<meta property=\"article:modified_time\" content=\"2025-02-07T12:45:08+00:00\" \/>\n<meta property=\"og:image\" content=\"http:\/\/ekoni.hu\/wp-content\/uploads\/2023\/06\/P1024520-masolat.jpg\" \/>\n\t<meta property=\"og:image:width\" content=\"1999\" \/>\n\t<meta property=\"og:image:height\" content=\"1333\" \/>\n\t<meta property=\"og:image:type\" content=\"image\/jpeg\" \/>\n<meta name=\"twitter:card\" content=\"summary_large_image\" \/>\n<meta name=\"twitter:label1\" content=\"Estimated reading time\" \/>\n\t<meta name=\"twitter:data1\" content=\"1 minute\" \/>\n<script type=\"application\/ld+json\" class=\"yoast-schema-graph\">{\"@context\":\"https:\\\/\\\/schema.org\",\"@graph\":[{\"@type\":\"WebPage\",\"@id\":\"https:\\\/\\\/ekoni.hu\\\/uzlet\\\/xiii-szazad\\\/fejrevalo-kis-sapka-infula\\\/\",\"url\":\"https:\\\/\\\/ekoni.hu\\\/uzlet\\\/xiii-szazad\\\/fejrevalo-kis-sapka-infula\\\/\",\"name\":\"Fejreval\u00f3 kis sapka Infula - Ekoni\",\"isPartOf\":{\"@id\":\"https:\\\/\\\/ekoni.hu\\\/#website\"},\"primaryImageOfPage\":{\"@id\":\"https:\\\/\\\/ekoni.hu\\\/uzlet\\\/xiii-szazad\\\/fejrevalo-kis-sapka-infula\\\/#primaryimage\"},\"image\":{\"@id\":\"https:\\\/\\\/ekoni.hu\\\/uzlet\\\/xiii-szazad\\\/fejrevalo-kis-sapka-infula\\\/#primaryimage\"},\"thumbnailUrl\":\"https:\\\/\\\/ekoni.hu\\\/wp-content\\\/uploads\\\/2023\\\/06\\\/P1024520-masolat.jpg\",\"datePublished\":\"2023-06-06T13:26:41+00:00\",\"dateModified\":\"2025-02-07T12:45:08+00:00\",\"breadcrumb\":{\"@id\":\"https:\\\/\\\/ekoni.hu\\\/uzlet\\\/xiii-szazad\\\/fejrevalo-kis-sapka-infula\\\/#breadcrumb\"},\"inLanguage\":\"en-GB\",\"potentialAction\":[{\"@type\":\"ReadAction\",\"target\":[\"https:\\\/\\\/ekoni.hu\\\/uzlet\\\/xiii-szazad\\\/fejrevalo-kis-sapka-infula\\\/\"]}]},{\"@type\":\"ImageObject\",\"inLanguage\":\"en-GB\",\"@id\":\"https:\\\/\\\/ekoni.hu\\\/uzlet\\\/xiii-szazad\\\/fejrevalo-kis-sapka-infula\\\/#primaryimage\",\"url\":\"https:\\\/\\\/ekoni.hu\\\/wp-content\\\/uploads\\\/2023\\\/06\\\/P1024520-masolat.jpg\",\"contentUrl\":\"https:\\\/\\\/ekoni.hu\\\/wp-content\\\/uploads\\\/2023\\\/06\\\/P1024520-masolat.jpg\",\"width\":1999,\"height\":1333},{\"@type\":\"BreadcrumbList\",\"@id\":\"https:\\\/\\\/ekoni.hu\\\/uzlet\\\/xiii-szazad\\\/fejrevalo-kis-sapka-infula\\\/#breadcrumb\",\"itemListElement\":[{\"@type\":\"ListItem\",\"position\":1,\"name\":\"Kezd\u0151lap\",\"item\":\"https:\\\/\\\/ekoni.hu\\\/\"},{\"@type\":\"ListItem\",\"position\":2,\"name\":\"\u00dczlet\",\"item\":\"https:\\\/\\\/ekoni.hu\\\/\"},{\"@type\":\"ListItem\",\"position\":3,\"name\":\"Fejreval\u00f3 kis sapka Infula\"}]},{\"@type\":\"WebSite\",\"@id\":\"https:\\\/\\\/ekoni.hu\\\/#website\",\"url\":\"https:\\\/\\\/ekoni.hu\\\/\",\"name\":\"Ekoni\",\"description\":\"\",\"publisher\":{\"@id\":\"https:\\\/\\\/ekoni.hu\\\/#organization\"},\"potentialAction\":[{\"@type\":\"SearchAction\",\"target\":{\"@type\":\"EntryPoint\",\"urlTemplate\":\"https:\\\/\\\/ekoni.hu\\\/?s={search_term_string}\"},\"query-input\":{\"@type\":\"PropertyValueSpecification\",\"valueRequired\":true,\"valueName\":\"search_term_string\"}}],\"inLanguage\":\"en-GB\"},{\"@type\":\"Organization\",\"@id\":\"https:\\\/\\\/ekoni.hu\\\/#organization\",\"name\":\"Ekoni\",\"url\":\"https:\\\/\\\/ekoni.hu\\\/\",\"logo\":{\"@type\":\"ImageObject\",\"inLanguage\":\"en-GB\",\"@id\":\"https:\\\/\\\/ekoni.hu\\\/#\\\/schema\\\/logo\\\/image\\\/\",\"url\":\"https:\\\/\\\/ekoni.hu\\\/wp-content\\\/uploads\\\/2023\\\/11\\\/cropped-logo-nobg-1.png\",\"contentUrl\":\"https:\\\/\\\/ekoni.hu\\\/wp-content\\\/uploads\\\/2023\\\/11\\\/cropped-logo-nobg-1.png\",\"width\":500,\"height\":500,\"caption\":\"Ekoni\"},\"image\":{\"@id\":\"https:\\\/\\\/ekoni.hu\\\/#\\\/schema\\\/logo\\\/image\\\/\"}}]}<\/script>\n<!-- \/ Yoast SEO plugin. -->","yoast_head_json":{"title":"Fejreval\u00f3 kis sapka Infula - Ekoni","robots":{"index":"index","follow":"follow","max-snippet":"max-snippet:-1","max-image-preview":"max-image-preview:large","max-video-preview":"max-video-preview:-1"},"canonical":"https:\/\/ekoni.hu\/en\/uzlet\/xiii-szazad\/fejrevalo-kis-sapka-infula\/","og_locale":"en_GB","og_type":"article","og_title":"Fejreval\u00f3 kis sapka Infula - Ekoni","og_description":"Alapanyag: Lenv\u00e1szon, de k\u00e9sz\u00fclhet gyapj\u00fab\u00f3l is. Sz\u00ednes is lehet, de \u00e1ltal\u00e1ban feh\u00e9r sz\u00edn\u0171  R\u00f6vid le\u00edr\u00e1s: Sz\u0171k fejre\u00e1ll\u00f3, praktikus a ny\u00e1ri nagy melegben napsz\u00far\u00e1s ellen is, de kalap alatt \u00e9s \u00f6nmag\u00e1ban is viselt\u00e9k. a XV.sz\u00e1zad 2. fel\u00e9ben egyre ritk\u00e1bban tal\u00e1lkozhatunk vele.  Hivatkoz\u00e1s: Federico Marangoni (XIII.Secolo, XIV.Secolo,,XV.Secolo) James H. Beck Italiai Renesz\u00e1nsz Domenico di Bartolo, Distribuzione delle elemosine, Siena, Sala del Pellegrinaio dell'Ospitale di Santa Maria della Scala The Morgan Bible \/ Maciejowski Bible MS M.638 fol 15r c1244-54 Simone Martin, St Martin is Knighted c1320-25  M\u00e9ret t\u00e1bl\u00e1zat","og_url":"https:\/\/ekoni.hu\/en\/uzlet\/xiii-szazad\/fejrevalo-kis-sapka-infula\/","og_site_name":"Ekoni","article_modified_time":"2025-02-07T12:45:08+00:00","og_image":[{"width":1999,"height":1333,"url":"http:\/\/ekoni.hu\/wp-content\/uploads\/2023\/06\/P1024520-masolat.jpg","type":"image\/jpeg"}],"twitter_card":"summary_large_image","twitter_misc":{"Estimated reading time":"1 minute"},"schema":{"@context":"https:\/\/schema.org","@graph":[{"@type":"WebPage","@id":"https:\/\/ekoni.hu\/uzlet\/xiii-szazad\/fejrevalo-kis-sapka-infula\/","url":"https:\/\/ekoni.hu\/uzlet\/xiii-szazad\/fejrevalo-kis-sapka-infula\/","name":"Fejreval\u00f3 kis sapka Infula - Ekoni","isPartOf":{"@id":"https:\/\/ekoni.hu\/#website"},"primaryImageOfPage":{"@id":"https:\/\/ekoni.hu\/uzlet\/xiii-szazad\/fejrevalo-kis-sapka-infula\/#primaryimage"},"image":{"@id":"https:\/\/ekoni.hu\/uzlet\/xiii-szazad\/fejrevalo-kis-sapka-infula\/#primaryimage"},"thumbnailUrl":"https:\/\/ekoni.hu\/wp-content\/uploads\/2023\/06\/P1024520-masolat.jpg","datePublished":"2023-06-06T13:26:41+00:00","dateModified":"2025-02-07T12:45:08+00:00","breadcrumb":{"@id":"https:\/\/ekoni.hu\/uzlet\/xiii-szazad\/fejrevalo-kis-sapka-infula\/#breadcrumb"},"inLanguage":"en-GB","potentialAction":[{"@type":"ReadAction","target":["https:\/\/ekoni.hu\/uzlet\/xiii-szazad\/fejrevalo-kis-sapka-infula\/"]}]},{"@type":"ImageObject","inLanguage":"en-GB","@id":"https:\/\/ekoni.hu\/uzlet\/xiii-szazad\/fejrevalo-kis-sapka-infula\/#primaryimage","url":"https:\/\/ekoni.hu\/wp-content\/uploads\/2023\/06\/P1024520-masolat.jpg","contentUrl":"https:\/\/ekoni.hu\/wp-content\/uploads\/2023\/06\/P1024520-masolat.jpg","width":1999,"height":1333},{"@type":"BreadcrumbList","@id":"https:\/\/ekoni.hu\/uzlet\/xiii-szazad\/fejrevalo-kis-sapka-infula\/#breadcrumb","itemListElement":[{"@type":"ListItem","position":1,"name":"Kezd\u0151lap","item":"https:\/\/ekoni.hu\/"},{"@type":"ListItem","position":2,"name":"\u00dczlet","item":"https:\/\/ekoni.hu\/"},{"@type":"ListItem","position":3,"name":"Fejreval\u00f3 kis sapka Infula"}]},{"@type":"WebSite","@id":"https:\/\/ekoni.hu\/#website","url":"https:\/\/ekoni.hu\/","name":"Ekoni","description":"","publisher":{"@id":"https:\/\/ekoni.hu\/#organization"},"potentialAction":[{"@type":"SearchAction","target":{"@type":"EntryPoint","urlTemplate":"https:\/\/ekoni.hu\/?s={search_term_string}"},"query-input":{"@type":"PropertyValueSpecification","valueRequired":true,"valueName":"search_term_string"}}],"inLanguage":"en-GB"},{"@type":"Organization","@id":"https:\/\/ekoni.hu\/#organization","name":"Ekoni","url":"https:\/\/ekoni.hu\/","logo":{"@type":"ImageObject","inLanguage":"en-GB","@id":"https:\/\/ekoni.hu\/#\/schema\/logo\/image\/","url":"https:\/\/ekoni.hu\/wp-content\/uploads\/2023\/11\/cropped-logo-nobg-1.png","contentUrl":"https:\/\/ekoni.hu\/wp-content\/uploads\/2023\/11\/cropped-logo-nobg-1.png","width":500,"height":500,"caption":"Ekoni"},"image":{"@id":"https:\/\/ekoni.hu\/#\/schema\/logo\/image\/"}}]}},"_links":{"self":[{"href":"https:\/\/ekoni.hu\/en\/wp-json\/wp\/v2\/product\/612","targetHints":{"allow":["GET"]}}],"collection":[{"href":"https:\/\/ekoni.hu\/en\/wp-json\/wp\/v2\/product"}],"about":[{"href":"https:\/\/ekoni.hu\/en\/wp-json\/wp\/v2\/types\/product"}],"replies":[{"embeddable":true,"href":"https:\/\/ekoni.hu\/en\/wp-json\/wp\/v2\/comments?post=612"}],"wp:featuredmedia":[{"embeddable":true,"href":"https:\/\/ekoni.hu\/en\/wp-json\/wp\/v2\/media\/1954"}],"wp:attachment":[{"href":"https:\/\/ekoni.hu\/en\/wp-json\/wp\/v2\/media?parent=612"}],"wp:term":[{"taxonomy":"product_brand","embeddable":true,"href":"https:\/\/ekoni.hu\/en\/wp-json\/wp\/v2\/product_brand?post=612"},{"taxonomy":"product_cat","embeddable":true,"href":"https:\/\/ekoni.hu\/en\/wp-json\/wp\/v2\/product_cat?post=612"},{"taxonomy":"product_tag","embeddable":true,"href":"https:\/\/ekoni.hu\/en\/wp-json\/wp\/v2\/product_tag?post=612"}],"curies":[{"name":"wp","href":"https:\/\/api.w.org\/{rel}","templated":true}]}}