{"id":808,"date":"2023-06-20T13:30:39","date_gmt":"2023-06-20T12:30:39","guid":{"rendered":"https:\/\/ekoni.hu\/?post_type=product&#038;p=808"},"modified":"2025-08-08T14:40:44","modified_gmt":"2025-08-08T13:40:44","slug":"kup-sator","status":"publish","type":"product","link":"https:\/\/ekoni.hu\/en\/uzlet\/satrak\/kup-sator\/","title":{"rendered":"Cone tent"},"content":{"rendered":"","protected":false},"excerpt":{"rendered":"<p>Materials: 330grammos tent tarp cotton, impregnated, fungicide chemically treated.<\/p>\n<p>Short description: there are two kinds of sizes, 2m ceilings 3m lower diagonal with a 2 person maximum, or 2.5 m ceiling height with 3-4 personalized with up to 4 I lower diagonal with a. Far\u00e9sszel, bags at the beginning of three close with.<\/p>\n<p>Is possible only on the canvas to order.<\/p>\n<p>The close links three fogat\u00fa are therefore very reliable water point of view. The warranty is 1 year, however, the improper maintenance will NOT apply! This is understood to be, for example, the wet packed tent type. The fungicidal chemicals does not mean that such a case will not do the tent tarp mold!! This is not what is understood! Operating instructions attached to the tent and the guarantee letter! This information is all tent for!<\/p>\n<p>Reference: Arrive a little patience!<\/p>","protected":false},"featured_media":1872,"comment_status":"open","ping_status":"closed","template":"","meta":{"site-sidebar-layout":"default","site-content-layout":"default","ast-site-content-layout":"default","site-content-style":"default","site-sidebar-style":"default","ast-global-header-display":"","ast-banner-title-visibility":"","ast-main-header-display":"","ast-hfb-above-header-display":"","ast-hfb-below-header-display":"","ast-hfb-mobile-header-display":"","site-post-title":"","ast-breadcrumbs-content":"","ast-featured-img":"","footer-sml-layout":"","ast-disable-related-posts":"","theme-transparent-header-meta":"default","adv-header-id-meta":"","stick-header-meta":"","header-above-stick-meta":"","header-main-stick-meta":"","header-below-stick-meta":"","astra-migrate-meta-layouts":"set","ast-page-background-enabled":"default","ast-page-background-meta":{"desktop":{"background-color":"var(--ast-global-color-4)","background-image":"","background-repeat":"repeat","background-position":"center center","background-size":"auto","background-attachment":"scroll","background-type":"","background-media":"","overlay-type":"","overlay-color":"","overlay-opacity":"","overlay-gradient":""},"tablet":{"background-color":"","background-image":"","background-repeat":"repeat","background-position":"center center","background-size":"auto","background-attachment":"scroll","background-type":"","background-media":"","overlay-type":"","overlay-color":"","overlay-opacity":"","overlay-gradient":""},"mobile":{"background-color":"","background-image":"","background-repeat":"repeat","background-position":"center center","background-size":"auto","background-attachment":"scroll","background-type":"","background-media":"","overlay-type":"","overlay-color":"","overlay-opacity":"","overlay-gradient":""}},"ast-content-background-meta":{"desktop":{"background-color":"var(--ast-global-color-5)","background-image":"","background-repeat":"repeat","background-position":"center center","background-size":"auto","background-attachment":"scroll","background-type":"","background-media":"","overlay-type":"","overlay-color":"","overlay-opacity":"","overlay-gradient":""},"tablet":{"background-color":"var(--ast-global-color-5)","background-image":"","background-repeat":"repeat","background-position":"center center","background-size":"auto","background-attachment":"scroll","background-type":"","background-media":"","overlay-type":"","overlay-color":"","overlay-opacity":"","overlay-gradient":""},"mobile":{"background-color":"var(--ast-global-color-5)","background-image":"","background-repeat":"repeat","background-position":"center center","background-size":"auto","background-attachment":"scroll","background-type":"","background-media":"","overlay-type":"","overlay-color":"","overlay-opacity":"","overlay-gradient":""}}},"product_brand":[],"product_cat":[43],"product_tag":[],"class_list":{"0":"post-808","1":"product","2":"type-product","3":"status-publish","4":"has-post-thumbnail","6":"product_cat-satrak","7":"desktop-align-center","8":"tablet-align-left","9":"mobile-align-left","11":"first","12":"instock","13":"shipping-taxable","14":"purchasable","15":"product-type-variable"},"yoast_head":"<!-- This site is optimized with the Yoast SEO plugin v27.4 - https:\/\/yoast.com\/product\/yoast-seo-wordpress\/ -->\n<title>K\u00fap s\u00e1tor - Ekoni<\/title>\n<meta name=\"robots\" content=\"index, follow, max-snippet:-1, max-image-preview:large, max-video-preview:-1\" \/>\n<link rel=\"canonical\" href=\"https:\/\/ekoni.hu\/en\/uzlet\/satrak\/kup-sator\/\" \/>\n<meta property=\"og:locale\" content=\"en_GB\" \/>\n<meta property=\"og:type\" content=\"article\" \/>\n<meta property=\"og:title\" content=\"K\u00fap s\u00e1tor - Ekoni\" \/>\n<meta property=\"og:description\" content=\"Alapanyag: 330grammos s\u00e1torponyva pamut, impregn\u00e1lt, gomba\u00f6l\u0151 vegyszerrel kezelt.  R\u00f6vid le\u00edr\u00e1s: K\u00e9tf\u00e9le m\u00e9retben, 2m belmagass\u00e1ggal 3m als\u00f3 \u00e1tl\u00f3val 2 szem\u00e9lyre maximum, vagy 2,5m belmagass\u00e1ggal 3-4 szem\u00e9lyre maximum 4m als\u00f3 \u00e1tl\u00f3val. Far\u00e9sszel, zs\u00e1kokkal az elej\u00e9n h\u00e1rmas z\u00e1r\u00f3d\u00e1ssal.  Lehet\u0151s\u00e9g van csak a ponyv\u00e1t is megrendelni.  A z\u00e1r\u00f3d\u00e1sok h\u00e1rmas fogat\u00faak ez\u00e9rt igen megb\u00edzhat\u00f3ak a v\u00edz szempontj\u00e1b\u00f3l. A garancia 1 \u00e9v viszont a nem megfelel\u0151 tart\u00e1sra NEM vonatkozik! Ezek alatt \u00e9rtend\u0151p\u00e9ld\u00e1ul a vizesen elcsomagolt s\u00e1tor esete! A gomba\u00f6l\u0151 vegyszer nem jelenti azt hogy ilyen estben nem fog a s\u00e1torponyva pen\u00e9szedni!! Nem erre \u00e9rtend\u0151! Kezel\u00e9si \u00fatmutat\u00f3t csatolom a s\u00e1torhoz \u00e9s a garancialevel\u00e9t is! Ez az inform\u00e1ci\u00f3 minden s\u00e1torra vonatkozik!  Hivatkoz\u00e1s: \u00c9rkezik kis t\u00fcrelmet!\" \/>\n<meta property=\"og:url\" content=\"https:\/\/ekoni.hu\/en\/uzlet\/satrak\/kup-sator\/\" \/>\n<meta property=\"og:site_name\" content=\"Ekoni\" \/>\n<meta property=\"article:modified_time\" content=\"2025-08-08T13:40:44+00:00\" \/>\n<meta property=\"og:image\" content=\"http:\/\/ekoni.hu\/wp-content\/uploads\/2023\/06\/86.jpg\" \/>\n\t<meta property=\"og:image:width\" content=\"1170\" \/>\n\t<meta property=\"og:image:height\" content=\"678\" \/>\n\t<meta property=\"og:image:type\" content=\"image\/jpeg\" \/>\n<meta name=\"twitter:card\" content=\"summary_large_image\" \/>\n<meta name=\"twitter:label1\" content=\"Estimated reading time\" \/>\n\t<meta name=\"twitter:data1\" content=\"1 minute\" \/>\n<script type=\"application\/ld+json\" class=\"yoast-schema-graph\">{\"@context\":\"https:\\\/\\\/schema.org\",\"@graph\":[{\"@type\":\"WebPage\",\"@id\":\"https:\\\/\\\/ekoni.hu\\\/uzlet\\\/satrak\\\/kup-sator\\\/\",\"url\":\"https:\\\/\\\/ekoni.hu\\\/uzlet\\\/satrak\\\/kup-sator\\\/\",\"name\":\"K\u00fap s\u00e1tor - Ekoni\",\"isPartOf\":{\"@id\":\"https:\\\/\\\/ekoni.hu\\\/#website\"},\"primaryImageOfPage\":{\"@id\":\"https:\\\/\\\/ekoni.hu\\\/uzlet\\\/satrak\\\/kup-sator\\\/#primaryimage\"},\"image\":{\"@id\":\"https:\\\/\\\/ekoni.hu\\\/uzlet\\\/satrak\\\/kup-sator\\\/#primaryimage\"},\"thumbnailUrl\":\"https:\\\/\\\/ekoni.hu\\\/wp-content\\\/uploads\\\/2023\\\/06\\\/86.jpg\",\"datePublished\":\"2023-06-20T12:30:39+00:00\",\"dateModified\":\"2025-08-08T13:40:44+00:00\",\"breadcrumb\":{\"@id\":\"https:\\\/\\\/ekoni.hu\\\/uzlet\\\/satrak\\\/kup-sator\\\/#breadcrumb\"},\"inLanguage\":\"en-GB\",\"potentialAction\":[{\"@type\":\"ReadAction\",\"target\":[\"https:\\\/\\\/ekoni.hu\\\/uzlet\\\/satrak\\\/kup-sator\\\/\"]}]},{\"@type\":\"ImageObject\",\"inLanguage\":\"en-GB\",\"@id\":\"https:\\\/\\\/ekoni.hu\\\/uzlet\\\/satrak\\\/kup-sator\\\/#primaryimage\",\"url\":\"https:\\\/\\\/ekoni.hu\\\/wp-content\\\/uploads\\\/2023\\\/06\\\/86.jpg\",\"contentUrl\":\"https:\\\/\\\/ekoni.hu\\\/wp-content\\\/uploads\\\/2023\\\/06\\\/86.jpg\",\"width\":1170,\"height\":678},{\"@type\":\"BreadcrumbList\",\"@id\":\"https:\\\/\\\/ekoni.hu\\\/uzlet\\\/satrak\\\/kup-sator\\\/#breadcrumb\",\"itemListElement\":[{\"@type\":\"ListItem\",\"position\":1,\"name\":\"Kezd\u0151lap\",\"item\":\"https:\\\/\\\/ekoni.hu\\\/\"},{\"@type\":\"ListItem\",\"position\":2,\"name\":\"\u00dczlet\",\"item\":\"https:\\\/\\\/ekoni.hu\\\/\"},{\"@type\":\"ListItem\",\"position\":3,\"name\":\"K\u00fap s\u00e1tor\"}]},{\"@type\":\"WebSite\",\"@id\":\"https:\\\/\\\/ekoni.hu\\\/#website\",\"url\":\"https:\\\/\\\/ekoni.hu\\\/\",\"name\":\"Ekoni\",\"description\":\"\",\"publisher\":{\"@id\":\"https:\\\/\\\/ekoni.hu\\\/#organization\"},\"potentialAction\":[{\"@type\":\"SearchAction\",\"target\":{\"@type\":\"EntryPoint\",\"urlTemplate\":\"https:\\\/\\\/ekoni.hu\\\/?s={search_term_string}\"},\"query-input\":{\"@type\":\"PropertyValueSpecification\",\"valueRequired\":true,\"valueName\":\"search_term_string\"}}],\"inLanguage\":\"en-GB\"},{\"@type\":\"Organization\",\"@id\":\"https:\\\/\\\/ekoni.hu\\\/#organization\",\"name\":\"Ekoni\",\"url\":\"https:\\\/\\\/ekoni.hu\\\/\",\"logo\":{\"@type\":\"ImageObject\",\"inLanguage\":\"en-GB\",\"@id\":\"https:\\\/\\\/ekoni.hu\\\/#\\\/schema\\\/logo\\\/image\\\/\",\"url\":\"https:\\\/\\\/ekoni.hu\\\/wp-content\\\/uploads\\\/2023\\\/11\\\/cropped-logo-nobg-1.png\",\"contentUrl\":\"https:\\\/\\\/ekoni.hu\\\/wp-content\\\/uploads\\\/2023\\\/11\\\/cropped-logo-nobg-1.png\",\"width\":500,\"height\":500,\"caption\":\"Ekoni\"},\"image\":{\"@id\":\"https:\\\/\\\/ekoni.hu\\\/#\\\/schema\\\/logo\\\/image\\\/\"}}]}<\/script>\n<!-- \/ Yoast SEO plugin. -->","yoast_head_json":{"title":"K\u00fap s\u00e1tor - Ekoni","robots":{"index":"index","follow":"follow","max-snippet":"max-snippet:-1","max-image-preview":"max-image-preview:large","max-video-preview":"max-video-preview:-1"},"canonical":"https:\/\/ekoni.hu\/en\/uzlet\/satrak\/kup-sator\/","og_locale":"en_GB","og_type":"article","og_title":"K\u00fap s\u00e1tor - Ekoni","og_description":"Alapanyag: 330grammos s\u00e1torponyva pamut, impregn\u00e1lt, gomba\u00f6l\u0151 vegyszerrel kezelt.  R\u00f6vid le\u00edr\u00e1s: K\u00e9tf\u00e9le m\u00e9retben, 2m belmagass\u00e1ggal 3m als\u00f3 \u00e1tl\u00f3val 2 szem\u00e9lyre maximum, vagy 2,5m belmagass\u00e1ggal 3-4 szem\u00e9lyre maximum 4m als\u00f3 \u00e1tl\u00f3val. Far\u00e9sszel, zs\u00e1kokkal az elej\u00e9n h\u00e1rmas z\u00e1r\u00f3d\u00e1ssal.  Lehet\u0151s\u00e9g van csak a ponyv\u00e1t is megrendelni.  A z\u00e1r\u00f3d\u00e1sok h\u00e1rmas fogat\u00faak ez\u00e9rt igen megb\u00edzhat\u00f3ak a v\u00edz szempontj\u00e1b\u00f3l. A garancia 1 \u00e9v viszont a nem megfelel\u0151 tart\u00e1sra NEM vonatkozik! Ezek alatt \u00e9rtend\u0151p\u00e9ld\u00e1ul a vizesen elcsomagolt s\u00e1tor esete! A gomba\u00f6l\u0151 vegyszer nem jelenti azt hogy ilyen estben nem fog a s\u00e1torponyva pen\u00e9szedni!! Nem erre \u00e9rtend\u0151! Kezel\u00e9si \u00fatmutat\u00f3t csatolom a s\u00e1torhoz \u00e9s a garancialevel\u00e9t is! Ez az inform\u00e1ci\u00f3 minden s\u00e1torra vonatkozik!  Hivatkoz\u00e1s: \u00c9rkezik kis t\u00fcrelmet!","og_url":"https:\/\/ekoni.hu\/en\/uzlet\/satrak\/kup-sator\/","og_site_name":"Ekoni","article_modified_time":"2025-08-08T13:40:44+00:00","og_image":[{"width":1170,"height":678,"url":"http:\/\/ekoni.hu\/wp-content\/uploads\/2023\/06\/86.jpg","type":"image\/jpeg"}],"twitter_card":"summary_large_image","twitter_misc":{"Estimated reading time":"1 minute"},"schema":{"@context":"https:\/\/schema.org","@graph":[{"@type":"WebPage","@id":"https:\/\/ekoni.hu\/uzlet\/satrak\/kup-sator\/","url":"https:\/\/ekoni.hu\/uzlet\/satrak\/kup-sator\/","name":"K\u00fap s\u00e1tor - Ekoni","isPartOf":{"@id":"https:\/\/ekoni.hu\/#website"},"primaryImageOfPage":{"@id":"https:\/\/ekoni.hu\/uzlet\/satrak\/kup-sator\/#primaryimage"},"image":{"@id":"https:\/\/ekoni.hu\/uzlet\/satrak\/kup-sator\/#primaryimage"},"thumbnailUrl":"https:\/\/ekoni.hu\/wp-content\/uploads\/2023\/06\/86.jpg","datePublished":"2023-06-20T12:30:39+00:00","dateModified":"2025-08-08T13:40:44+00:00","breadcrumb":{"@id":"https:\/\/ekoni.hu\/uzlet\/satrak\/kup-sator\/#breadcrumb"},"inLanguage":"en-GB","potentialAction":[{"@type":"ReadAction","target":["https:\/\/ekoni.hu\/uzlet\/satrak\/kup-sator\/"]}]},{"@type":"ImageObject","inLanguage":"en-GB","@id":"https:\/\/ekoni.hu\/uzlet\/satrak\/kup-sator\/#primaryimage","url":"https:\/\/ekoni.hu\/wp-content\/uploads\/2023\/06\/86.jpg","contentUrl":"https:\/\/ekoni.hu\/wp-content\/uploads\/2023\/06\/86.jpg","width":1170,"height":678},{"@type":"BreadcrumbList","@id":"https:\/\/ekoni.hu\/uzlet\/satrak\/kup-sator\/#breadcrumb","itemListElement":[{"@type":"ListItem","position":1,"name":"Kezd\u0151lap","item":"https:\/\/ekoni.hu\/"},{"@type":"ListItem","position":2,"name":"\u00dczlet","item":"https:\/\/ekoni.hu\/"},{"@type":"ListItem","position":3,"name":"K\u00fap s\u00e1tor"}]},{"@type":"WebSite","@id":"https:\/\/ekoni.hu\/#website","url":"https:\/\/ekoni.hu\/","name":"Ekoni","description":"","publisher":{"@id":"https:\/\/ekoni.hu\/#organization"},"potentialAction":[{"@type":"SearchAction","target":{"@type":"EntryPoint","urlTemplate":"https:\/\/ekoni.hu\/?s={search_term_string}"},"query-input":{"@type":"PropertyValueSpecification","valueRequired":true,"valueName":"search_term_string"}}],"inLanguage":"en-GB"},{"@type":"Organization","@id":"https:\/\/ekoni.hu\/#organization","name":"Ekoni","url":"https:\/\/ekoni.hu\/","logo":{"@type":"ImageObject","inLanguage":"en-GB","@id":"https:\/\/ekoni.hu\/#\/schema\/logo\/image\/","url":"https:\/\/ekoni.hu\/wp-content\/uploads\/2023\/11\/cropped-logo-nobg-1.png","contentUrl":"https:\/\/ekoni.hu\/wp-content\/uploads\/2023\/11\/cropped-logo-nobg-1.png","width":500,"height":500,"caption":"Ekoni"},"image":{"@id":"https:\/\/ekoni.hu\/#\/schema\/logo\/image\/"}}]}},"_links":{"self":[{"href":"https:\/\/ekoni.hu\/en\/wp-json\/wp\/v2\/product\/808","targetHints":{"allow":["GET"]}}],"collection":[{"href":"https:\/\/ekoni.hu\/en\/wp-json\/wp\/v2\/product"}],"about":[{"href":"https:\/\/ekoni.hu\/en\/wp-json\/wp\/v2\/types\/product"}],"replies":[{"embeddable":true,"href":"https:\/\/ekoni.hu\/en\/wp-json\/wp\/v2\/comments?post=808"}],"wp:featuredmedia":[{"embeddable":true,"href":"https:\/\/ekoni.hu\/en\/wp-json\/wp\/v2\/media\/1872"}],"wp:attachment":[{"href":"https:\/\/ekoni.hu\/en\/wp-json\/wp\/v2\/media?parent=808"}],"wp:term":[{"taxonomy":"product_brand","embeddable":true,"href":"https:\/\/ekoni.hu\/en\/wp-json\/wp\/v2\/product_brand?post=808"},{"taxonomy":"product_cat","embeddable":true,"href":"https:\/\/ekoni.hu\/en\/wp-json\/wp\/v2\/product_cat?post=808"},{"taxonomy":"product_tag","embeddable":true,"href":"https:\/\/ekoni.hu\/en\/wp-json\/wp\/v2\/product_tag?post=808"}],"curies":[{"name":"wp","href":"https:\/\/api.w.org\/{rel}","templated":true}]}}