{"id":820,"date":"2023-06-20T13:29:55","date_gmt":"2023-06-20T12:29:55","guid":{"rendered":"https:\/\/ekoni.hu\/?post_type=product&#038;p=820"},"modified":"2025-08-08T14:25:56","modified_gmt":"2025-08-08T13:25:56","slug":"nagy-korsator","status":"publish","type":"product","link":"https:\/\/ekoni.hu\/en\/uzlet\/satrak\/nagy-korsator\/","title":{"rendered":"Big Circular Tent"},"content":{"rendered":"<p>Unique painted text, apartments please write to the following contact page:<\/p>\n<p><a href=\"https:\/\/ekoni.hu\/kapcsolat\/\">Contact<\/a><\/p>","protected":false},"excerpt":{"rendered":"<p>Materials: 330grammos tent tarp cotton, impregnated, fungicide chemically treated. Custom request custom price.<\/p>\n<p>Short description: Spectacular hand painted on the edge of which is optional part,but other cakkform\u00e1ci\u00f3ban can also be ordered as well as the decoration of the rigging recording is also possible to choose a wallet properly.<\/p>\n<p>Is possible only on the canvas to order, but then I don&#039;t take for structurally responsibility. Of course, I&#039;ll tell you what you need.<\/p>\n<p>The close links three fogat\u00fa are therefore very reliable water point of view. The warranty is 1 year, however, the improper maintenance will NOT apply! This is understood to be, for example, the wet packed tent type. The fungicidal chemicals does not mean that such a case will not do the tent tarp mold!! Operating instructions attached to the tent and the guarantee letter! This information is all tent for!<\/p>\n<p>Reference: Piero Della Francesca: Holy cross, legend ,Constantine&#039;s dream 1452-1466 Arezzo,San Francesco<\/p>","protected":false},"featured_media":822,"comment_status":"open","ping_status":"closed","template":"","meta":{"site-sidebar-layout":"default","site-content-layout":"default","ast-site-content-layout":"default","site-content-style":"default","site-sidebar-style":"default","ast-global-header-display":"","ast-banner-title-visibility":"","ast-main-header-display":"","ast-hfb-above-header-display":"","ast-hfb-below-header-display":"","ast-hfb-mobile-header-display":"","site-post-title":"","ast-breadcrumbs-content":"","ast-featured-img":"","footer-sml-layout":"","ast-disable-related-posts":"","theme-transparent-header-meta":"default","adv-header-id-meta":"","stick-header-meta":"","header-above-stick-meta":"","header-main-stick-meta":"","header-below-stick-meta":"","astra-migrate-meta-layouts":"set","ast-page-background-enabled":"default","ast-page-background-meta":{"desktop":{"background-color":"var(--ast-global-color-4)","background-image":"","background-repeat":"repeat","background-position":"center center","background-size":"auto","background-attachment":"scroll","background-type":"","background-media":"","overlay-type":"","overlay-color":"","overlay-opacity":"","overlay-gradient":""},"tablet":{"background-color":"","background-image":"","background-repeat":"repeat","background-position":"center center","background-size":"auto","background-attachment":"scroll","background-type":"","background-media":"","overlay-type":"","overlay-color":"","overlay-opacity":"","overlay-gradient":""},"mobile":{"background-color":"","background-image":"","background-repeat":"repeat","background-position":"center center","background-size":"auto","background-attachment":"scroll","background-type":"","background-media":"","overlay-type":"","overlay-color":"","overlay-opacity":"","overlay-gradient":""}},"ast-content-background-meta":{"desktop":{"background-color":"var(--ast-global-color-5)","background-image":"","background-repeat":"repeat","background-position":"center center","background-size":"auto","background-attachment":"scroll","background-type":"","background-media":"","overlay-type":"","overlay-color":"","overlay-opacity":"","overlay-gradient":""},"tablet":{"background-color":"var(--ast-global-color-5)","background-image":"","background-repeat":"repeat","background-position":"center center","background-size":"auto","background-attachment":"scroll","background-type":"","background-media":"","overlay-type":"","overlay-color":"","overlay-opacity":"","overlay-gradient":""},"mobile":{"background-color":"var(--ast-global-color-5)","background-image":"","background-repeat":"repeat","background-position":"center center","background-size":"auto","background-attachment":"scroll","background-type":"","background-media":"","overlay-type":"","overlay-color":"","overlay-opacity":"","overlay-gradient":""}}},"product_brand":[],"product_cat":[43],"product_tag":[],"class_list":{"0":"post-820","1":"product","2":"type-product","3":"status-publish","4":"has-post-thumbnail","6":"product_cat-satrak","7":"desktop-align-center","8":"tablet-align-left","9":"mobile-align-left","11":"first","12":"instock","13":"shipping-taxable","14":"purchasable","15":"product-type-simple"},"yoast_head":"<!-- This site is optimized with the Yoast SEO plugin v27.4 - https:\/\/yoast.com\/product\/yoast-seo-wordpress\/ -->\n<title>Nagy K\u00f6rs\u00e1tor - Ekoni<\/title>\n<meta name=\"robots\" content=\"index, follow, max-snippet:-1, max-image-preview:large, max-video-preview:-1\" \/>\n<link rel=\"canonical\" href=\"https:\/\/ekoni.hu\/en\/uzlet\/satrak\/nagy-korsator\/\" \/>\n<meta property=\"og:locale\" content=\"en_GB\" \/>\n<meta property=\"og:type\" content=\"article\" \/>\n<meta property=\"og:title\" content=\"Nagy K\u00f6rs\u00e1tor - Ekoni\" \/>\n<meta property=\"og:description\" content=\"Alapanyag: 330grammos s\u00e1torponyva pamut, impregn\u00e1lt, gomba\u00f6l\u0151 vegyszerrel kezelt. Egyedi k\u00e9r\u00e9s eset\u00e9n egyedi \u00e1r.  R\u00f6vid le\u00edr\u00e1s: L\u00e1tv\u00e1nyos k\u00e9zi fest\u00e9ssel a sz\u00e9l\u00e9n ami v\u00e1laszthat\u00f3 is r\u00e9szben,de egy\u00e9b cakkform\u00e1ci\u00f3ban is rendelhet\u0151 valamint a d\u00edsz\u00edt\u00e9se a k\u00f6t\u00e9lzet r\u00f6gz\u00edt\u00e9se is v\u00e1laszthat\u00f3 p\u00e9nzt\u00e1rc\u00e1nak megfelel\u0151en.  Lehet\u0151s\u00e9g van csak a ponyv\u00e1t is megrendelni, de akkor nem v\u00e1llalok \u00e9rte statikailag felel\u0151ss\u00e9get! Term\u00e9szetesen megmondom\u00a0 mi kell hozz\u00e1.  A z\u00e1r\u00f3d\u00e1sok h\u00e1rmas fogat\u00faak ez\u00e9rt igen megb\u00edzhat\u00f3ak a v\u00edz szempontj\u00e1b\u00f3l. A garancia 1 \u00e9v viszont a nem megfelel\u0151 tart\u00e1sra NEM vonatkozik! Ezek alatt \u00e9rtend\u0151 p\u00e9ld\u00e1ul a vizesen elcsomagolt s\u00e1tor esete! A gomba\u00f6l\u0151 vegyszer nem jelenti azt hogy ilyen estben nem fog a s\u00e1torponyva pen\u00e9szedni!! Kezel\u00e9si \u00fatmutat\u00f3t csatolom a s\u00e1torhoz \u00e9s a garancialevel\u00e9t is! Ez az inform\u00e1ci\u00f3 minden s\u00e1torra vonatkozik!  Hivatkoz\u00e1s: Piero Della Francesca: Szent kereszt legend\u00e1ja ,Konstantin \u00e1lma 1452-1466 Arezzo,San Francesco\" \/>\n<meta property=\"og:url\" content=\"https:\/\/ekoni.hu\/en\/uzlet\/satrak\/nagy-korsator\/\" \/>\n<meta property=\"og:site_name\" content=\"Ekoni\" \/>\n<meta property=\"article:modified_time\" content=\"2025-08-08T13:25:56+00:00\" \/>\n<meta property=\"og:image\" content=\"http:\/\/ekoni.hu\/wp-content\/uploads\/2023\/06\/XV.th_.52.Nagysator-6.jpg\" \/>\n\t<meta property=\"og:image:width\" content=\"375\" \/>\n\t<meta property=\"og:image:height\" content=\"500\" \/>\n\t<meta property=\"og:image:type\" content=\"image\/jpeg\" \/>\n<meta name=\"twitter:card\" content=\"summary_large_image\" \/>\n<meta name=\"twitter:label1\" content=\"Estimated reading time\" \/>\n\t<meta name=\"twitter:data1\" content=\"1 minute\" \/>\n<script type=\"application\/ld+json\" class=\"yoast-schema-graph\">{\"@context\":\"https:\\\/\\\/schema.org\",\"@graph\":[{\"@type\":\"WebPage\",\"@id\":\"https:\\\/\\\/ekoni.hu\\\/uzlet\\\/satrak\\\/nagy-korsator\\\/\",\"url\":\"https:\\\/\\\/ekoni.hu\\\/uzlet\\\/satrak\\\/nagy-korsator\\\/\",\"name\":\"Nagy K\u00f6rs\u00e1tor - Ekoni\",\"isPartOf\":{\"@id\":\"https:\\\/\\\/ekoni.hu\\\/#website\"},\"primaryImageOfPage\":{\"@id\":\"https:\\\/\\\/ekoni.hu\\\/uzlet\\\/satrak\\\/nagy-korsator\\\/#primaryimage\"},\"image\":{\"@id\":\"https:\\\/\\\/ekoni.hu\\\/uzlet\\\/satrak\\\/nagy-korsator\\\/#primaryimage\"},\"thumbnailUrl\":\"https:\\\/\\\/ekoni.hu\\\/wp-content\\\/uploads\\\/2023\\\/06\\\/XV.th_.52.Nagysator-6.jpg\",\"datePublished\":\"2023-06-20T12:29:55+00:00\",\"dateModified\":\"2025-08-08T13:25:56+00:00\",\"breadcrumb\":{\"@id\":\"https:\\\/\\\/ekoni.hu\\\/uzlet\\\/satrak\\\/nagy-korsator\\\/#breadcrumb\"},\"inLanguage\":\"en-GB\",\"potentialAction\":[{\"@type\":\"ReadAction\",\"target\":[\"https:\\\/\\\/ekoni.hu\\\/uzlet\\\/satrak\\\/nagy-korsator\\\/\"]}]},{\"@type\":\"ImageObject\",\"inLanguage\":\"en-GB\",\"@id\":\"https:\\\/\\\/ekoni.hu\\\/uzlet\\\/satrak\\\/nagy-korsator\\\/#primaryimage\",\"url\":\"https:\\\/\\\/ekoni.hu\\\/wp-content\\\/uploads\\\/2023\\\/06\\\/XV.th_.52.Nagysator-6.jpg\",\"contentUrl\":\"https:\\\/\\\/ekoni.hu\\\/wp-content\\\/uploads\\\/2023\\\/06\\\/XV.th_.52.Nagysator-6.jpg\",\"width\":375,\"height\":500},{\"@type\":\"BreadcrumbList\",\"@id\":\"https:\\\/\\\/ekoni.hu\\\/uzlet\\\/satrak\\\/nagy-korsator\\\/#breadcrumb\",\"itemListElement\":[{\"@type\":\"ListItem\",\"position\":1,\"name\":\"Kezd\u0151lap\",\"item\":\"https:\\\/\\\/ekoni.hu\\\/\"},{\"@type\":\"ListItem\",\"position\":2,\"name\":\"\u00dczlet\",\"item\":\"https:\\\/\\\/ekoni.hu\\\/\"},{\"@type\":\"ListItem\",\"position\":3,\"name\":\"Nagy K\u00f6rs\u00e1tor\"}]},{\"@type\":\"WebSite\",\"@id\":\"https:\\\/\\\/ekoni.hu\\\/#website\",\"url\":\"https:\\\/\\\/ekoni.hu\\\/\",\"name\":\"Ekoni\",\"description\":\"\",\"publisher\":{\"@id\":\"https:\\\/\\\/ekoni.hu\\\/#organization\"},\"potentialAction\":[{\"@type\":\"SearchAction\",\"target\":{\"@type\":\"EntryPoint\",\"urlTemplate\":\"https:\\\/\\\/ekoni.hu\\\/?s={search_term_string}\"},\"query-input\":{\"@type\":\"PropertyValueSpecification\",\"valueRequired\":true,\"valueName\":\"search_term_string\"}}],\"inLanguage\":\"en-GB\"},{\"@type\":\"Organization\",\"@id\":\"https:\\\/\\\/ekoni.hu\\\/#organization\",\"name\":\"Ekoni\",\"url\":\"https:\\\/\\\/ekoni.hu\\\/\",\"logo\":{\"@type\":\"ImageObject\",\"inLanguage\":\"en-GB\",\"@id\":\"https:\\\/\\\/ekoni.hu\\\/#\\\/schema\\\/logo\\\/image\\\/\",\"url\":\"https:\\\/\\\/ekoni.hu\\\/wp-content\\\/uploads\\\/2023\\\/11\\\/cropped-logo-nobg-1.png\",\"contentUrl\":\"https:\\\/\\\/ekoni.hu\\\/wp-content\\\/uploads\\\/2023\\\/11\\\/cropped-logo-nobg-1.png\",\"width\":500,\"height\":500,\"caption\":\"Ekoni\"},\"image\":{\"@id\":\"https:\\\/\\\/ekoni.hu\\\/#\\\/schema\\\/logo\\\/image\\\/\"}}]}<\/script>\n<!-- \/ Yoast SEO plugin. -->","yoast_head_json":{"title":"Nagy K\u00f6rs\u00e1tor - Ekoni","robots":{"index":"index","follow":"follow","max-snippet":"max-snippet:-1","max-image-preview":"max-image-preview:large","max-video-preview":"max-video-preview:-1"},"canonical":"https:\/\/ekoni.hu\/en\/uzlet\/satrak\/nagy-korsator\/","og_locale":"en_GB","og_type":"article","og_title":"Nagy K\u00f6rs\u00e1tor - Ekoni","og_description":"Alapanyag: 330grammos s\u00e1torponyva pamut, impregn\u00e1lt, gomba\u00f6l\u0151 vegyszerrel kezelt. Egyedi k\u00e9r\u00e9s eset\u00e9n egyedi \u00e1r.  R\u00f6vid le\u00edr\u00e1s: L\u00e1tv\u00e1nyos k\u00e9zi fest\u00e9ssel a sz\u00e9l\u00e9n ami v\u00e1laszthat\u00f3 is r\u00e9szben,de egy\u00e9b cakkform\u00e1ci\u00f3ban is rendelhet\u0151 valamint a d\u00edsz\u00edt\u00e9se a k\u00f6t\u00e9lzet r\u00f6gz\u00edt\u00e9se is v\u00e1laszthat\u00f3 p\u00e9nzt\u00e1rc\u00e1nak megfelel\u0151en.  Lehet\u0151s\u00e9g van csak a ponyv\u00e1t is megrendelni, de akkor nem v\u00e1llalok \u00e9rte statikailag felel\u0151ss\u00e9get! Term\u00e9szetesen megmondom\u00a0 mi kell hozz\u00e1.  A z\u00e1r\u00f3d\u00e1sok h\u00e1rmas fogat\u00faak ez\u00e9rt igen megb\u00edzhat\u00f3ak a v\u00edz szempontj\u00e1b\u00f3l. A garancia 1 \u00e9v viszont a nem megfelel\u0151 tart\u00e1sra NEM vonatkozik! Ezek alatt \u00e9rtend\u0151 p\u00e9ld\u00e1ul a vizesen elcsomagolt s\u00e1tor esete! A gomba\u00f6l\u0151 vegyszer nem jelenti azt hogy ilyen estben nem fog a s\u00e1torponyva pen\u00e9szedni!! Kezel\u00e9si \u00fatmutat\u00f3t csatolom a s\u00e1torhoz \u00e9s a garancialevel\u00e9t is! Ez az inform\u00e1ci\u00f3 minden s\u00e1torra vonatkozik!  Hivatkoz\u00e1s: Piero Della Francesca: Szent kereszt legend\u00e1ja ,Konstantin \u00e1lma 1452-1466 Arezzo,San Francesco","og_url":"https:\/\/ekoni.hu\/en\/uzlet\/satrak\/nagy-korsator\/","og_site_name":"Ekoni","article_modified_time":"2025-08-08T13:25:56+00:00","og_image":[{"width":375,"height":500,"url":"http:\/\/ekoni.hu\/wp-content\/uploads\/2023\/06\/XV.th_.52.Nagysator-6.jpg","type":"image\/jpeg"}],"twitter_card":"summary_large_image","twitter_misc":{"Estimated reading time":"1 minute"},"schema":{"@context":"https:\/\/schema.org","@graph":[{"@type":"WebPage","@id":"https:\/\/ekoni.hu\/uzlet\/satrak\/nagy-korsator\/","url":"https:\/\/ekoni.hu\/uzlet\/satrak\/nagy-korsator\/","name":"Nagy K\u00f6rs\u00e1tor - Ekoni","isPartOf":{"@id":"https:\/\/ekoni.hu\/#website"},"primaryImageOfPage":{"@id":"https:\/\/ekoni.hu\/uzlet\/satrak\/nagy-korsator\/#primaryimage"},"image":{"@id":"https:\/\/ekoni.hu\/uzlet\/satrak\/nagy-korsator\/#primaryimage"},"thumbnailUrl":"https:\/\/ekoni.hu\/wp-content\/uploads\/2023\/06\/XV.th_.52.Nagysator-6.jpg","datePublished":"2023-06-20T12:29:55+00:00","dateModified":"2025-08-08T13:25:56+00:00","breadcrumb":{"@id":"https:\/\/ekoni.hu\/uzlet\/satrak\/nagy-korsator\/#breadcrumb"},"inLanguage":"en-GB","potentialAction":[{"@type":"ReadAction","target":["https:\/\/ekoni.hu\/uzlet\/satrak\/nagy-korsator\/"]}]},{"@type":"ImageObject","inLanguage":"en-GB","@id":"https:\/\/ekoni.hu\/uzlet\/satrak\/nagy-korsator\/#primaryimage","url":"https:\/\/ekoni.hu\/wp-content\/uploads\/2023\/06\/XV.th_.52.Nagysator-6.jpg","contentUrl":"https:\/\/ekoni.hu\/wp-content\/uploads\/2023\/06\/XV.th_.52.Nagysator-6.jpg","width":375,"height":500},{"@type":"BreadcrumbList","@id":"https:\/\/ekoni.hu\/uzlet\/satrak\/nagy-korsator\/#breadcrumb","itemListElement":[{"@type":"ListItem","position":1,"name":"Kezd\u0151lap","item":"https:\/\/ekoni.hu\/"},{"@type":"ListItem","position":2,"name":"\u00dczlet","item":"https:\/\/ekoni.hu\/"},{"@type":"ListItem","position":3,"name":"Nagy K\u00f6rs\u00e1tor"}]},{"@type":"WebSite","@id":"https:\/\/ekoni.hu\/#website","url":"https:\/\/ekoni.hu\/","name":"Ekoni","description":"","publisher":{"@id":"https:\/\/ekoni.hu\/#organization"},"potentialAction":[{"@type":"SearchAction","target":{"@type":"EntryPoint","urlTemplate":"https:\/\/ekoni.hu\/?s={search_term_string}"},"query-input":{"@type":"PropertyValueSpecification","valueRequired":true,"valueName":"search_term_string"}}],"inLanguage":"en-GB"},{"@type":"Organization","@id":"https:\/\/ekoni.hu\/#organization","name":"Ekoni","url":"https:\/\/ekoni.hu\/","logo":{"@type":"ImageObject","inLanguage":"en-GB","@id":"https:\/\/ekoni.hu\/#\/schema\/logo\/image\/","url":"https:\/\/ekoni.hu\/wp-content\/uploads\/2023\/11\/cropped-logo-nobg-1.png","contentUrl":"https:\/\/ekoni.hu\/wp-content\/uploads\/2023\/11\/cropped-logo-nobg-1.png","width":500,"height":500,"caption":"Ekoni"},"image":{"@id":"https:\/\/ekoni.hu\/#\/schema\/logo\/image\/"}}]}},"_links":{"self":[{"href":"https:\/\/ekoni.hu\/en\/wp-json\/wp\/v2\/product\/820","targetHints":{"allow":["GET"]}}],"collection":[{"href":"https:\/\/ekoni.hu\/en\/wp-json\/wp\/v2\/product"}],"about":[{"href":"https:\/\/ekoni.hu\/en\/wp-json\/wp\/v2\/types\/product"}],"replies":[{"embeddable":true,"href":"https:\/\/ekoni.hu\/en\/wp-json\/wp\/v2\/comments?post=820"}],"wp:featuredmedia":[{"embeddable":true,"href":"https:\/\/ekoni.hu\/en\/wp-json\/wp\/v2\/media\/822"}],"wp:attachment":[{"href":"https:\/\/ekoni.hu\/en\/wp-json\/wp\/v2\/media?parent=820"}],"wp:term":[{"taxonomy":"product_brand","embeddable":true,"href":"https:\/\/ekoni.hu\/en\/wp-json\/wp\/v2\/product_brand?post=820"},{"taxonomy":"product_cat","embeddable":true,"href":"https:\/\/ekoni.hu\/en\/wp-json\/wp\/v2\/product_cat?post=820"},{"taxonomy":"product_tag","embeddable":true,"href":"https:\/\/ekoni.hu\/en\/wp-json\/wp\/v2\/product_tag?post=820"}],"curies":[{"name":"wp","href":"https:\/\/api.w.org\/{rel}","templated":true}]}}