{"id":877,"date":"2023-06-22T10:53:59","date_gmt":"2023-06-22T09:53:59","guid":{"rendered":"https:\/\/ekoni.hu\/?post_type=product&#038;p=877"},"modified":"2025-12-04T11:28:32","modified_gmt":"2025-12-04T10:28:32","slug":"kihajtosgalleros-ing","status":"publish","type":"product","link":"https:\/\/ekoni.hu\/en\/uzlet\/xvi-szazad-1500-1600\/kihajtosgalleros-ing\/","title":{"rendered":"Turn-down Collar Shirt \u2013 with 5-6 cm lace"},"content":{"rendered":"<p><span id=\"table\">\n    <h3 class=\"wpdt-c\"\n        id=\"wdt-table-title-3\">Ruffles Man Shirt<\/h3>\n<div class=\"wpdt-c row wpDataTableContainerSimpleTable wpDataTables wpDataTablesWrapper\"\n    >\n        <table id=\"wpdtSimpleTable-3\"\n           style=\"border-collapse:collapse;                   border-spacing:0px;\"\n           class=\"wpdtSimpleTable wpDataTable\"\n           data-column=\"3\"\n           data-rows=\"5\"\n           data-wpid=\"3\"\n           data-responsive=\"0\"\n           data-has-header=\"0\">\n\n                    <tbody>        <tr class=\"wpdt-cell-row\" >\n                                <td class=\"wpdt-cell\"\n                                            data-cell-id=\"A1\"\n                    data-col-index=\"0\"\n                    data-row-index=\"0\"\n                    style=\" width:33.333333333333%;                    padding:10px;                    \"\n                    >\n                                        M\u00e9ret \/ Size                    <\/td>\n                                                <td class=\"wpdt-cell\"\n                                            data-cell-id=\"B1\"\n                    data-col-index=\"1\"\n                    data-row-index=\"0\"\n                    style=\" width:33.333333333333%;                    padding:10px;                    \"\n                    >\n                                        Nyakm\u00e9ret \/ Neck size                    <\/td>\n                                                <td class=\"wpdt-cell\"\n                                            data-cell-id=\"C1\"\n                    data-col-index=\"2\"\n                    data-row-index=\"0\"\n                    style=\" width:33.333333333333%;                    padding:10px;                    \"\n                    >\n                                        Testmagass\u00e1g \/ Body height                    <\/td>\n                                        <\/tr>\n                            <tr class=\"wpdt-cell-row\" >\n                                <td class=\"wpdt-cell\"\n                                            data-cell-id=\"A2\"\n                    data-col-index=\"0\"\n                    data-row-index=\"1\"\n                    style=\"                    padding:10px;                    \"\n                    >\n                                        S                    <\/td>\n                                                <td class=\"wpdt-cell\"\n                                            data-cell-id=\"B2\"\n                    data-col-index=\"1\"\n                    data-row-index=\"1\"\n                    style=\"                    padding:10px;                    \"\n                    >\n                                        40 cm                    <\/td>\n                                                <td class=\"wpdt-cell\"\n                                            data-cell-id=\"C2\"\n                    data-col-index=\"2\"\n                    data-row-index=\"1\"\n                    style=\"                    padding:10px;                    \"\n                    >\n                                        170-180 cm                    <\/td>\n                                        <\/tr>\n                            <tr class=\"wpdt-cell-row\" >\n                                <td class=\"wpdt-cell\"\n                                            data-cell-id=\"A3\"\n                    data-col-index=\"0\"\n                    data-row-index=\"2\"\n                    style=\"                    padding:10px;                    \"\n                    >\n                                        M                    <\/td>\n                                                <td class=\"wpdt-cell\"\n                                            data-cell-id=\"B3\"\n                    data-col-index=\"1\"\n                    data-row-index=\"2\"\n                    style=\"                    padding:10px;                    \"\n                    >\n                                        42 cm                    <\/td>\n                                                <td class=\"wpdt-cell\"\n                                            data-cell-id=\"C3\"\n                    data-col-index=\"2\"\n                    data-row-index=\"2\"\n                    style=\"                    padding:10px;                    \"\n                    >\n                                        170-180 cm                    <\/td>\n                                        <\/tr>\n                            <tr class=\"wpdt-cell-row\" >\n                                <td class=\"wpdt-cell\"\n                                            data-cell-id=\"A4\"\n                    data-col-index=\"0\"\n                    data-row-index=\"3\"\n                    style=\"                    padding:10px;                    \"\n                    >\n                                        L                    <\/td>\n                                                <td class=\"wpdt-cell\"\n                                            data-cell-id=\"B4\"\n                    data-col-index=\"1\"\n                    data-row-index=\"3\"\n                    style=\"                    padding:10px;                    \"\n                    >\n                                        44 cm                    <\/td>\n                                                <td class=\"wpdt-cell\"\n                                            data-cell-id=\"C4\"\n                    data-col-index=\"2\"\n                    data-row-index=\"3\"\n                    style=\"                    padding:10px;                    \"\n                    >\n                                        170-180 cm                    <\/td>\n                                        <\/tr>\n                            <tr class=\"wpdt-cell-row\" >\n                                <td class=\"wpdt-cell\"\n                                            data-cell-id=\"A5\"\n                    data-col-index=\"0\"\n                    data-row-index=\"4\"\n                    style=\"                    padding:10px;                    \"\n                    >\n                                        XL                    <\/td>\n                                                <td class=\"wpdt-cell\"\n                                            data-cell-id=\"B5\"\n                    data-col-index=\"1\"\n                    data-row-index=\"4\"\n                    style=\"                    padding:10px;                    \"\n                    >\n                                        46 cm                    <\/td>\n                                                <td class=\"wpdt-cell\"\n                                            data-cell-id=\"C5\"\n                    data-col-index=\"2\"\n                    data-row-index=\"4\"\n                    style=\"                    padding:10px;                    \"\n                    >\n                                        170-180 cm                    <\/td>\n                                        <\/tr>\n                    <\/table>\n<\/div><style id='wpdt-custom-style-3'>\n<\/style>\n <\/span><\/p>","protected":false},"excerpt":{"rendered":"<p>Materials: Linen. If you have decorated to solve!<\/p>\n<p>Short description: of Course neck triangle made and underarm triangle, the French stitching sew. Wide and narrow lace ornament you can also find with us.This type extra wide collar exist.<\/p>\n<p>Reference: Janet Arnold 1635 The Blackborne Collection, The Bowes Museum, Barnard Castle, County Durham 98.side 39. picture<\/p>\n<h3><a href=\"#table\">Size chart <\/a><\/h3>","protected":false},"featured_media":2424,"comment_status":"open","ping_status":"closed","template":"","meta":{"site-sidebar-layout":"default","site-content-layout":"default","ast-site-content-layout":"default","site-content-style":"default","site-sidebar-style":"default","ast-global-header-display":"","ast-banner-title-visibility":"","ast-main-header-display":"","ast-hfb-above-header-display":"","ast-hfb-below-header-display":"","ast-hfb-mobile-header-display":"","site-post-title":"","ast-breadcrumbs-content":"","ast-featured-img":"","footer-sml-layout":"","ast-disable-related-posts":"","theme-transparent-header-meta":"default","adv-header-id-meta":"","stick-header-meta":"","header-above-stick-meta":"","header-main-stick-meta":"","header-below-stick-meta":"","astra-migrate-meta-layouts":"set","ast-page-background-enabled":"default","ast-page-background-meta":{"desktop":{"background-color":"var(--ast-global-color-4)","background-image":"","background-repeat":"repeat","background-position":"center center","background-size":"auto","background-attachment":"scroll","background-type":"","background-media":"","overlay-type":"","overlay-color":"","overlay-opacity":"","overlay-gradient":""},"tablet":{"background-color":"","background-image":"","background-repeat":"repeat","background-position":"center center","background-size":"auto","background-attachment":"scroll","background-type":"","background-media":"","overlay-type":"","overlay-color":"","overlay-opacity":"","overlay-gradient":""},"mobile":{"background-color":"","background-image":"","background-repeat":"repeat","background-position":"center center","background-size":"auto","background-attachment":"scroll","background-type":"","background-media":"","overlay-type":"","overlay-color":"","overlay-opacity":"","overlay-gradient":""}},"ast-content-background-meta":{"desktop":{"background-color":"var(--ast-global-color-5)","background-image":"","background-repeat":"repeat","background-position":"center center","background-size":"auto","background-attachment":"scroll","background-type":"","background-media":"","overlay-type":"","overlay-color":"","overlay-opacity":"","overlay-gradient":""},"tablet":{"background-color":"var(--ast-global-color-5)","background-image":"","background-repeat":"repeat","background-position":"center center","background-size":"auto","background-attachment":"scroll","background-type":"","background-media":"","overlay-type":"","overlay-color":"","overlay-opacity":"","overlay-gradient":""},"mobile":{"background-color":"var(--ast-global-color-5)","background-image":"","background-repeat":"repeat","background-position":"center center","background-size":"auto","background-attachment":"scroll","background-type":"","background-media":"","overlay-type":"","overlay-color":"","overlay-opacity":"","overlay-gradient":""}}},"product_brand":[],"product_cat":[29],"product_tag":[],"class_list":{"0":"post-877","1":"product","2":"type-product","3":"status-publish","4":"has-post-thumbnail","6":"product_cat-xvi-szazad-1500-1600","7":"desktop-align-center","8":"tablet-align-left","9":"mobile-align-left","11":"first","12":"instock","13":"shipping-taxable","14":"purchasable","15":"product-type-simple"},"yoast_head":"<!-- This site is optimized with the Yoast SEO plugin v27.4 - https:\/\/yoast.com\/product\/yoast-seo-wordpress\/ -->\n<title>Kihajt\u00f3s Gall\u00e9ros ing \u2013 5-6 centis csipk\u00e9vel - Ekoni<\/title>\n<meta name=\"robots\" content=\"index, follow, max-snippet:-1, max-image-preview:large, max-video-preview:-1\" \/>\n<link rel=\"canonical\" href=\"https:\/\/ekoni.hu\/en\/uzlet\/xvi-szazad-1500-1600\/kihajtosgalleros-ing\/\" \/>\n<meta property=\"og:locale\" content=\"en_GB\" \/>\n<meta property=\"og:type\" content=\"article\" \/>\n<meta property=\"og:title\" content=\"Kihajt\u00f3s Gall\u00e9ros ing \u2013 5-6 centis csipk\u00e9vel - Ekoni\" \/>\n<meta property=\"og:description\" content=\"Alapanyag: Lenv\u00e1szon. Ha d\u00edsz\u00edtett kell azt is megoldjuk!  R\u00f6vid le\u00edr\u00e1s: Term\u00e9szetesen nyakh\u00e1romsz\u00f6ggel k\u00e9sz\u00fclt \u00e9s h\u00f3naljh\u00e1romsz\u00f6ggel, franciavarr\u00e1ssal varrjuk. Sz\u00e9les \u00e9s keskeny csipk\u00e9vel d\u00edsz\u00edtettet is tal\u00e1lsz n\u00e1lunk.Ebb\u0151l a t\u00edpusb\u00f3l extra sz\u00e9les gall\u00e9ros is l\u00e9tezik.  Hivatkoz\u00e1s: Janet Arnold 1635 The Blackborne Collection, The Bowes Museum, Barnard Castle, County Durham 98.side 39. picture M\u00e9ret t\u00e1bl\u00e1zat\" \/>\n<meta property=\"og:url\" content=\"https:\/\/ekoni.hu\/en\/uzlet\/xvi-szazad-1500-1600\/kihajtosgalleros-ing\/\" \/>\n<meta property=\"og:site_name\" content=\"Ekoni\" \/>\n<meta property=\"article:modified_time\" content=\"2025-12-04T10:28:32+00:00\" \/>\n<meta property=\"og:image\" content=\"http:\/\/ekoni.hu\/wp-content\/uploads\/2024\/11\/P1037755.webp\" \/>\n\t<meta property=\"og:image:width\" content=\"1500\" \/>\n\t<meta property=\"og:image:height\" content=\"1000\" \/>\n\t<meta property=\"og:image:type\" content=\"image\/webp\" \/>\n<meta name=\"twitter:card\" content=\"summary_large_image\" \/>\n<meta name=\"twitter:label1\" content=\"Estimated reading time\" \/>\n\t<meta name=\"twitter:data1\" content=\"1 minute\" \/>\n<script type=\"application\/ld+json\" class=\"yoast-schema-graph\">{\"@context\":\"https:\\\/\\\/schema.org\",\"@graph\":[{\"@type\":\"WebPage\",\"@id\":\"https:\\\/\\\/ekoni.hu\\\/uzlet\\\/xvi-szazad-1500-1600\\\/kihajtosgalleros-ing\\\/\",\"url\":\"https:\\\/\\\/ekoni.hu\\\/uzlet\\\/xvi-szazad-1500-1600\\\/kihajtosgalleros-ing\\\/\",\"name\":\"Kihajt\u00f3s Gall\u00e9ros ing \u2013 5-6 centis csipk\u00e9vel - Ekoni\",\"isPartOf\":{\"@id\":\"https:\\\/\\\/ekoni.hu\\\/#website\"},\"primaryImageOfPage\":{\"@id\":\"https:\\\/\\\/ekoni.hu\\\/uzlet\\\/xvi-szazad-1500-1600\\\/kihajtosgalleros-ing\\\/#primaryimage\"},\"image\":{\"@id\":\"https:\\\/\\\/ekoni.hu\\\/uzlet\\\/xvi-szazad-1500-1600\\\/kihajtosgalleros-ing\\\/#primaryimage\"},\"thumbnailUrl\":\"https:\\\/\\\/ekoni.hu\\\/wp-content\\\/uploads\\\/2024\\\/11\\\/P1037755.webp\",\"datePublished\":\"2023-06-22T09:53:59+00:00\",\"dateModified\":\"2025-12-04T10:28:32+00:00\",\"breadcrumb\":{\"@id\":\"https:\\\/\\\/ekoni.hu\\\/uzlet\\\/xvi-szazad-1500-1600\\\/kihajtosgalleros-ing\\\/#breadcrumb\"},\"inLanguage\":\"en-GB\",\"potentialAction\":[{\"@type\":\"ReadAction\",\"target\":[\"https:\\\/\\\/ekoni.hu\\\/uzlet\\\/xvi-szazad-1500-1600\\\/kihajtosgalleros-ing\\\/\"]}]},{\"@type\":\"ImageObject\",\"inLanguage\":\"en-GB\",\"@id\":\"https:\\\/\\\/ekoni.hu\\\/uzlet\\\/xvi-szazad-1500-1600\\\/kihajtosgalleros-ing\\\/#primaryimage\",\"url\":\"https:\\\/\\\/ekoni.hu\\\/wp-content\\\/uploads\\\/2024\\\/11\\\/P1037755.webp\",\"contentUrl\":\"https:\\\/\\\/ekoni.hu\\\/wp-content\\\/uploads\\\/2024\\\/11\\\/P1037755.webp\",\"width\":1500,\"height\":1000},{\"@type\":\"BreadcrumbList\",\"@id\":\"https:\\\/\\\/ekoni.hu\\\/uzlet\\\/xvi-szazad-1500-1600\\\/kihajtosgalleros-ing\\\/#breadcrumb\",\"itemListElement\":[{\"@type\":\"ListItem\",\"position\":1,\"name\":\"Kezd\u0151lap\",\"item\":\"https:\\\/\\\/ekoni.hu\\\/\"},{\"@type\":\"ListItem\",\"position\":2,\"name\":\"\u00dczlet\",\"item\":\"https:\\\/\\\/ekoni.hu\\\/\"},{\"@type\":\"ListItem\",\"position\":3,\"name\":\"Kihajt\u00f3s Gall\u00e9ros ing \u2013 5-6 centis csipk\u00e9vel\"}]},{\"@type\":\"WebSite\",\"@id\":\"https:\\\/\\\/ekoni.hu\\\/#website\",\"url\":\"https:\\\/\\\/ekoni.hu\\\/\",\"name\":\"Ekoni\",\"description\":\"\",\"publisher\":{\"@id\":\"https:\\\/\\\/ekoni.hu\\\/#organization\"},\"potentialAction\":[{\"@type\":\"SearchAction\",\"target\":{\"@type\":\"EntryPoint\",\"urlTemplate\":\"https:\\\/\\\/ekoni.hu\\\/?s={search_term_string}\"},\"query-input\":{\"@type\":\"PropertyValueSpecification\",\"valueRequired\":true,\"valueName\":\"search_term_string\"}}],\"inLanguage\":\"en-GB\"},{\"@type\":\"Organization\",\"@id\":\"https:\\\/\\\/ekoni.hu\\\/#organization\",\"name\":\"Ekoni\",\"url\":\"https:\\\/\\\/ekoni.hu\\\/\",\"logo\":{\"@type\":\"ImageObject\",\"inLanguage\":\"en-GB\",\"@id\":\"https:\\\/\\\/ekoni.hu\\\/#\\\/schema\\\/logo\\\/image\\\/\",\"url\":\"https:\\\/\\\/ekoni.hu\\\/wp-content\\\/uploads\\\/2023\\\/11\\\/cropped-logo-nobg-1.png\",\"contentUrl\":\"https:\\\/\\\/ekoni.hu\\\/wp-content\\\/uploads\\\/2023\\\/11\\\/cropped-logo-nobg-1.png\",\"width\":500,\"height\":500,\"caption\":\"Ekoni\"},\"image\":{\"@id\":\"https:\\\/\\\/ekoni.hu\\\/#\\\/schema\\\/logo\\\/image\\\/\"}}]}<\/script>\n<!-- \/ Yoast SEO plugin. -->","yoast_head_json":{"title":"Kihajt\u00f3s Gall\u00e9ros ing \u2013 5-6 centis csipk\u00e9vel - Ekoni","robots":{"index":"index","follow":"follow","max-snippet":"max-snippet:-1","max-image-preview":"max-image-preview:large","max-video-preview":"max-video-preview:-1"},"canonical":"https:\/\/ekoni.hu\/en\/uzlet\/xvi-szazad-1500-1600\/kihajtosgalleros-ing\/","og_locale":"en_GB","og_type":"article","og_title":"Kihajt\u00f3s Gall\u00e9ros ing \u2013 5-6 centis csipk\u00e9vel - Ekoni","og_description":"Alapanyag: Lenv\u00e1szon. Ha d\u00edsz\u00edtett kell azt is megoldjuk!  R\u00f6vid le\u00edr\u00e1s: Term\u00e9szetesen nyakh\u00e1romsz\u00f6ggel k\u00e9sz\u00fclt \u00e9s h\u00f3naljh\u00e1romsz\u00f6ggel, franciavarr\u00e1ssal varrjuk. Sz\u00e9les \u00e9s keskeny csipk\u00e9vel d\u00edsz\u00edtettet is tal\u00e1lsz n\u00e1lunk.Ebb\u0151l a t\u00edpusb\u00f3l extra sz\u00e9les gall\u00e9ros is l\u00e9tezik.  Hivatkoz\u00e1s: Janet Arnold 1635 The Blackborne Collection, The Bowes Museum, Barnard Castle, County Durham 98.side 39. picture M\u00e9ret t\u00e1bl\u00e1zat","og_url":"https:\/\/ekoni.hu\/en\/uzlet\/xvi-szazad-1500-1600\/kihajtosgalleros-ing\/","og_site_name":"Ekoni","article_modified_time":"2025-12-04T10:28:32+00:00","og_image":[{"width":1500,"height":1000,"url":"http:\/\/ekoni.hu\/wp-content\/uploads\/2024\/11\/P1037755.webp","type":"image\/webp"}],"twitter_card":"summary_large_image","twitter_misc":{"Estimated reading time":"1 minute"},"schema":{"@context":"https:\/\/schema.org","@graph":[{"@type":"WebPage","@id":"https:\/\/ekoni.hu\/uzlet\/xvi-szazad-1500-1600\/kihajtosgalleros-ing\/","url":"https:\/\/ekoni.hu\/uzlet\/xvi-szazad-1500-1600\/kihajtosgalleros-ing\/","name":"Kihajt\u00f3s Gall\u00e9ros ing \u2013 5-6 centis csipk\u00e9vel - Ekoni","isPartOf":{"@id":"https:\/\/ekoni.hu\/#website"},"primaryImageOfPage":{"@id":"https:\/\/ekoni.hu\/uzlet\/xvi-szazad-1500-1600\/kihajtosgalleros-ing\/#primaryimage"},"image":{"@id":"https:\/\/ekoni.hu\/uzlet\/xvi-szazad-1500-1600\/kihajtosgalleros-ing\/#primaryimage"},"thumbnailUrl":"https:\/\/ekoni.hu\/wp-content\/uploads\/2024\/11\/P1037755.webp","datePublished":"2023-06-22T09:53:59+00:00","dateModified":"2025-12-04T10:28:32+00:00","breadcrumb":{"@id":"https:\/\/ekoni.hu\/uzlet\/xvi-szazad-1500-1600\/kihajtosgalleros-ing\/#breadcrumb"},"inLanguage":"en-GB","potentialAction":[{"@type":"ReadAction","target":["https:\/\/ekoni.hu\/uzlet\/xvi-szazad-1500-1600\/kihajtosgalleros-ing\/"]}]},{"@type":"ImageObject","inLanguage":"en-GB","@id":"https:\/\/ekoni.hu\/uzlet\/xvi-szazad-1500-1600\/kihajtosgalleros-ing\/#primaryimage","url":"https:\/\/ekoni.hu\/wp-content\/uploads\/2024\/11\/P1037755.webp","contentUrl":"https:\/\/ekoni.hu\/wp-content\/uploads\/2024\/11\/P1037755.webp","width":1500,"height":1000},{"@type":"BreadcrumbList","@id":"https:\/\/ekoni.hu\/uzlet\/xvi-szazad-1500-1600\/kihajtosgalleros-ing\/#breadcrumb","itemListElement":[{"@type":"ListItem","position":1,"name":"Kezd\u0151lap","item":"https:\/\/ekoni.hu\/"},{"@type":"ListItem","position":2,"name":"\u00dczlet","item":"https:\/\/ekoni.hu\/"},{"@type":"ListItem","position":3,"name":"Kihajt\u00f3s Gall\u00e9ros ing \u2013 5-6 centis csipk\u00e9vel"}]},{"@type":"WebSite","@id":"https:\/\/ekoni.hu\/#website","url":"https:\/\/ekoni.hu\/","name":"Ekoni","description":"","publisher":{"@id":"https:\/\/ekoni.hu\/#organization"},"potentialAction":[{"@type":"SearchAction","target":{"@type":"EntryPoint","urlTemplate":"https:\/\/ekoni.hu\/?s={search_term_string}"},"query-input":{"@type":"PropertyValueSpecification","valueRequired":true,"valueName":"search_term_string"}}],"inLanguage":"en-GB"},{"@type":"Organization","@id":"https:\/\/ekoni.hu\/#organization","name":"Ekoni","url":"https:\/\/ekoni.hu\/","logo":{"@type":"ImageObject","inLanguage":"en-GB","@id":"https:\/\/ekoni.hu\/#\/schema\/logo\/image\/","url":"https:\/\/ekoni.hu\/wp-content\/uploads\/2023\/11\/cropped-logo-nobg-1.png","contentUrl":"https:\/\/ekoni.hu\/wp-content\/uploads\/2023\/11\/cropped-logo-nobg-1.png","width":500,"height":500,"caption":"Ekoni"},"image":{"@id":"https:\/\/ekoni.hu\/#\/schema\/logo\/image\/"}}]}},"_links":{"self":[{"href":"https:\/\/ekoni.hu\/en\/wp-json\/wp\/v2\/product\/877","targetHints":{"allow":["GET"]}}],"collection":[{"href":"https:\/\/ekoni.hu\/en\/wp-json\/wp\/v2\/product"}],"about":[{"href":"https:\/\/ekoni.hu\/en\/wp-json\/wp\/v2\/types\/product"}],"replies":[{"embeddable":true,"href":"https:\/\/ekoni.hu\/en\/wp-json\/wp\/v2\/comments?post=877"}],"wp:featuredmedia":[{"embeddable":true,"href":"https:\/\/ekoni.hu\/en\/wp-json\/wp\/v2\/media\/2424"}],"wp:attachment":[{"href":"https:\/\/ekoni.hu\/en\/wp-json\/wp\/v2\/media?parent=877"}],"wp:term":[{"taxonomy":"product_brand","embeddable":true,"href":"https:\/\/ekoni.hu\/en\/wp-json\/wp\/v2\/product_brand?post=877"},{"taxonomy":"product_cat","embeddable":true,"href":"https:\/\/ekoni.hu\/en\/wp-json\/wp\/v2\/product_cat?post=877"},{"taxonomy":"product_tag","embeddable":true,"href":"https:\/\/ekoni.hu\/en\/wp-json\/wp\/v2\/product_tag?post=877"}],"curies":[{"name":"wp","href":"https:\/\/api.w.org\/{rel}","templated":true}]}}