{"id":891,"date":"2023-06-22T11:11:22","date_gmt":"2023-06-22T10:11:22","guid":{"rendered":"https:\/\/ekoni.hu\/?post_type=product&#038;p=891"},"modified":"2026-04-09T14:21:04","modified_gmt":"2026-04-09T13:21:04","slug":"fodros-galleros-ing","status":"publish","type":"product","link":"https:\/\/ekoni.hu\/en\/uzlet\/xvi-szazad-1500-1600\/fodros-galleros-ing\/","title":{"rendered":"Ruffled collar shirt"},"content":{"rendered":"<p><span id=\"table\">\n    <h3 class=\"wpdt-c\"\n        id=\"wdt-table-title-3\">Ruffles Man Shirt<\/h3>\n<div class=\"wpdt-c row wpDataTableContainerSimpleTable wpDataTables wpDataTablesWrapper\"\n    >\n        <table id=\"wpdtSimpleTable-3\"\n           style=\"border-collapse:collapse;                   border-spacing:0px;\"\n           class=\"wpdtSimpleTable wpDataTable\"\n           data-column=\"3\"\n           data-rows=\"5\"\n           data-wpid=\"3\"\n           data-responsive=\"0\"\n           data-has-header=\"0\">\n\n                    <tbody>        <tr class=\"wpdt-cell-row\" >\n                                <td class=\"wpdt-cell\"\n                                            data-cell-id=\"A1\"\n                    data-col-index=\"0\"\n                    data-row-index=\"0\"\n                    style=\" width:33.333333333333%;                    padding:10px;                    \"\n                    >\n                                        M\u00e9ret \/ Size                    <\/td>\n                                                <td class=\"wpdt-cell\"\n                                            data-cell-id=\"B1\"\n                    data-col-index=\"1\"\n                    data-row-index=\"0\"\n                    style=\" width:33.333333333333%;                    padding:10px;                    \"\n                    >\n                                        Nyakm\u00e9ret \/ Neck size                    <\/td>\n                                                <td class=\"wpdt-cell\"\n                                            data-cell-id=\"C1\"\n                    data-col-index=\"2\"\n                    data-row-index=\"0\"\n                    style=\" width:33.333333333333%;                    padding:10px;                    \"\n                    >\n                                        Testmagass\u00e1g \/ Body height                    <\/td>\n                                        <\/tr>\n                            <tr class=\"wpdt-cell-row\" >\n                                <td class=\"wpdt-cell\"\n                                            data-cell-id=\"A2\"\n                    data-col-index=\"0\"\n                    data-row-index=\"1\"\n                    style=\"                    padding:10px;                    \"\n                    >\n                                        S                    <\/td>\n                                                <td class=\"wpdt-cell\"\n                                            data-cell-id=\"B2\"\n                    data-col-index=\"1\"\n                    data-row-index=\"1\"\n                    style=\"                    padding:10px;                    \"\n                    >\n                                        40 cm                    <\/td>\n                                                <td class=\"wpdt-cell\"\n                                            data-cell-id=\"C2\"\n                    data-col-index=\"2\"\n                    data-row-index=\"1\"\n                    style=\"                    padding:10px;                    \"\n                    >\n                                        170-180 cm                    <\/td>\n                                        <\/tr>\n                            <tr class=\"wpdt-cell-row\" >\n                                <td class=\"wpdt-cell\"\n                                            data-cell-id=\"A3\"\n                    data-col-index=\"0\"\n                    data-row-index=\"2\"\n                    style=\"                    padding:10px;                    \"\n                    >\n                                        M                    <\/td>\n                                                <td class=\"wpdt-cell\"\n                                            data-cell-id=\"B3\"\n                    data-col-index=\"1\"\n                    data-row-index=\"2\"\n                    style=\"                    padding:10px;                    \"\n                    >\n                                        42 cm                    <\/td>\n                                                <td class=\"wpdt-cell\"\n                                            data-cell-id=\"C3\"\n                    data-col-index=\"2\"\n                    data-row-index=\"2\"\n                    style=\"                    padding:10px;                    \"\n                    >\n                                        170-180 cm                    <\/td>\n                                        <\/tr>\n                            <tr class=\"wpdt-cell-row\" >\n                                <td class=\"wpdt-cell\"\n                                            data-cell-id=\"A4\"\n                    data-col-index=\"0\"\n                    data-row-index=\"3\"\n                    style=\"                    padding:10px;                    \"\n                    >\n                                        L                    <\/td>\n                                                <td class=\"wpdt-cell\"\n                                            data-cell-id=\"B4\"\n                    data-col-index=\"1\"\n                    data-row-index=\"3\"\n                    style=\"                    padding:10px;                    \"\n                    >\n                                        44 cm                    <\/td>\n                                                <td class=\"wpdt-cell\"\n                                            data-cell-id=\"C4\"\n                    data-col-index=\"2\"\n                    data-row-index=\"3\"\n                    style=\"                    padding:10px;                    \"\n                    >\n                                        170-180 cm                    <\/td>\n                                        <\/tr>\n                            <tr class=\"wpdt-cell-row\" >\n                                <td class=\"wpdt-cell\"\n                                            data-cell-id=\"A5\"\n                    data-col-index=\"0\"\n                    data-row-index=\"4\"\n                    style=\"                    padding:10px;                    \"\n                    >\n                                        XL                    <\/td>\n                                                <td class=\"wpdt-cell\"\n                                            data-cell-id=\"B5\"\n                    data-col-index=\"1\"\n                    data-row-index=\"4\"\n                    style=\"                    padding:10px;                    \"\n                    >\n                                        46 cm                    <\/td>\n                                                <td class=\"wpdt-cell\"\n                                            data-cell-id=\"C5\"\n                    data-col-index=\"2\"\n                    data-row-index=\"4\"\n                    style=\"                    padding:10px;                    \"\n                    >\n                                        170-180 cm                    <\/td>\n                                        <\/tr>\n                    <\/table>\n<\/div><style id='wpdt-custom-style-3'>\n<\/style>\n <\/span><\/p>","protected":false},"excerpt":{"rendered":"<p>Material: linen<\/p>\n<p>Description: Available both with and without a neck gusset, but of course, the underarm gusset remains. We offer high collars (11 cm), medium collars (8 cm), and low collars (4 cm) \u2013 all available to you, dear customer. The variations exist because our bodies are not all the same! We also make pieces adorned with extra lace at the top of the ruffle, even in women\u2019s sizes.\n\nWhen it comes to the pattern, we\u2019re fortunate to have Janet Arnold! Thanks to her, we can be grateful for her incredibly precise and extensive research work.<\/p>\n<p>Reference<br \/>\nThe unidentified tailor in Giovanni Battista Moroni&#039;s famous portrait of c. 1570 is in doublet and lined and stuff you<br \/>\nJanet Arnold<br \/>\n1580-1600 Museum of London 28.84, (12.c), 1580-1600 The Metropolitan Museum of Art, New York Trs 10.142.2, 1567 Up Cathedral<\/p>\n<h3><a href=\"#table\">Size chart <\/a><\/h3>","protected":false},"featured_media":1989,"comment_status":"open","ping_status":"closed","template":"","meta":{"site-sidebar-layout":"default","site-content-layout":"default","ast-site-content-layout":"default","site-content-style":"default","site-sidebar-style":"default","ast-global-header-display":"","ast-banner-title-visibility":"","ast-main-header-display":"","ast-hfb-above-header-display":"","ast-hfb-below-header-display":"","ast-hfb-mobile-header-display":"","site-post-title":"","ast-breadcrumbs-content":"","ast-featured-img":"","footer-sml-layout":"","ast-disable-related-posts":"","theme-transparent-header-meta":"default","adv-header-id-meta":"","stick-header-meta":"","header-above-stick-meta":"","header-main-stick-meta":"","header-below-stick-meta":"","astra-migrate-meta-layouts":"set","ast-page-background-enabled":"default","ast-page-background-meta":{"desktop":{"background-color":"var(--ast-global-color-4)","background-image":"","background-repeat":"repeat","background-position":"center center","background-size":"auto","background-attachment":"scroll","background-type":"","background-media":"","overlay-type":"","overlay-color":"","overlay-opacity":"","overlay-gradient":""},"tablet":{"background-color":"","background-image":"","background-repeat":"repeat","background-position":"center center","background-size":"auto","background-attachment":"scroll","background-type":"","background-media":"","overlay-type":"","overlay-color":"","overlay-opacity":"","overlay-gradient":""},"mobile":{"background-color":"","background-image":"","background-repeat":"repeat","background-position":"center center","background-size":"auto","background-attachment":"scroll","background-type":"","background-media":"","overlay-type":"","overlay-color":"","overlay-opacity":"","overlay-gradient":""}},"ast-content-background-meta":{"desktop":{"background-color":"var(--ast-global-color-5)","background-image":"","background-repeat":"repeat","background-position":"center center","background-size":"auto","background-attachment":"scroll","background-type":"","background-media":"","overlay-type":"","overlay-color":"","overlay-opacity":"","overlay-gradient":""},"tablet":{"background-color":"var(--ast-global-color-5)","background-image":"","background-repeat":"repeat","background-position":"center center","background-size":"auto","background-attachment":"scroll","background-type":"","background-media":"","overlay-type":"","overlay-color":"","overlay-opacity":"","overlay-gradient":""},"mobile":{"background-color":"var(--ast-global-color-5)","background-image":"","background-repeat":"repeat","background-position":"center center","background-size":"auto","background-attachment":"scroll","background-type":"","background-media":"","overlay-type":"","overlay-color":"","overlay-opacity":"","overlay-gradient":""}}},"product_brand":[],"product_cat":[29],"product_tag":[],"class_list":{"0":"post-891","1":"product","2":"type-product","3":"status-publish","4":"has-post-thumbnail","6":"product_cat-xvi-szazad-1500-1600","7":"desktop-align-center","8":"tablet-align-left","9":"mobile-align-left","11":"first","12":"instock","13":"shipping-taxable","14":"purchasable","15":"product-type-variable"},"yoast_head":"<!-- This site is optimized with the Yoast SEO plugin v27.4 - https:\/\/yoast.com\/product\/yoast-seo-wordpress\/ -->\n<title>Fodros Gall\u00e9ros ing - Ekoni<\/title>\n<meta name=\"robots\" content=\"index, follow, max-snippet:-1, max-image-preview:large, max-video-preview:-1\" \/>\n<link rel=\"canonical\" href=\"https:\/\/ekoni.hu\/en\/uzlet\/xvi-szazad-1500-1600\/fodros-galleros-ing\/\" \/>\n<meta property=\"og:locale\" content=\"en_GB\" \/>\n<meta property=\"og:type\" content=\"article\" \/>\n<meta property=\"og:title\" content=\"Fodros Gall\u00e9ros ing - Ekoni\" \/>\n<meta property=\"og:description\" content=\"Alapanyag: Lenv\u00e1szon.  R\u00f6vid le\u00edr\u00e1s: Nyakh\u00e1romsz\u00f6ggel \u00e9s a n\u00e9lk\u00fcl is l\u00e9tezik de a h\u00f3nalj h\u00e1romsz\u00f6g term\u00e9szetesen marad. Magas gall\u00e9ros(11cm), k\u00f6zepes (8cm) alacsony (4cm), mindegyiket megtal\u00e1lod kedves \u00e9rdekl\u0151d\u0151 n\u00e1lunk. A vari\u00e1ci\u00f3 oka nem vagyunk egyform\u00e1k testileg! A fodor tetej\u00e9n plusz cs\u00edpk\u00e9vel d\u00edsz\u00edtettet is csin\u00e1lunk ak\u00e1r n\u0151i m\u00e9retben is. A szab\u00e1sminta tekintet\u00e9ben szerencs\u00e9re van egy Janet Arnold! H\u00e1la Neki! A nagyon prec\u00edz sok kutat\u00f3munk\u00e1j\u00e1\u00e9rt h\u00e1l\u00e1sak lehet\u00fcnk!  Hivatkoz\u00e1s: The unidentified tailor in Giovanni Battista Moroni&#039;s famous portrait of c. 1570 is in doublet and lined and stuffed Janet Arnold 1580-1600 Museum of London 28.84, (12.c), 1580-1600 The Metropolitan Museum of Art, New York Trs 10.142.2, 1567 Upsala Cathedral M\u00e9ret t\u00e1bl\u00e1zat\" \/>\n<meta property=\"og:url\" content=\"https:\/\/ekoni.hu\/en\/uzlet\/xvi-szazad-1500-1600\/fodros-galleros-ing\/\" \/>\n<meta property=\"og:site_name\" content=\"Ekoni\" \/>\n<meta property=\"article:modified_time\" content=\"2026-04-09T13:21:04+00:00\" \/>\n<meta property=\"og:image\" content=\"http:\/\/ekoni.hu\/wp-content\/uploads\/2023\/06\/P1024630-masolat-e1707699177469.jpg\" \/>\n\t<meta property=\"og:image:width\" content=\"1333\" \/>\n\t<meta property=\"og:image:height\" content=\"1426\" \/>\n\t<meta property=\"og:image:type\" content=\"image\/jpeg\" \/>\n<meta name=\"twitter:card\" content=\"summary_large_image\" \/>\n<meta name=\"twitter:label1\" content=\"Estimated reading time\" \/>\n\t<meta name=\"twitter:data1\" content=\"1 minute\" \/>\n<script type=\"application\/ld+json\" class=\"yoast-schema-graph\">{\"@context\":\"https:\\\/\\\/schema.org\",\"@graph\":[{\"@type\":\"WebPage\",\"@id\":\"https:\\\/\\\/ekoni.hu\\\/uzlet\\\/xvi-szazad-1500-1600\\\/fodros-galleros-ing\\\/\",\"url\":\"https:\\\/\\\/ekoni.hu\\\/uzlet\\\/xvi-szazad-1500-1600\\\/fodros-galleros-ing\\\/\",\"name\":\"Fodros Gall\u00e9ros ing - Ekoni\",\"isPartOf\":{\"@id\":\"https:\\\/\\\/ekoni.hu\\\/#website\"},\"primaryImageOfPage\":{\"@id\":\"https:\\\/\\\/ekoni.hu\\\/uzlet\\\/xvi-szazad-1500-1600\\\/fodros-galleros-ing\\\/#primaryimage\"},\"image\":{\"@id\":\"https:\\\/\\\/ekoni.hu\\\/uzlet\\\/xvi-szazad-1500-1600\\\/fodros-galleros-ing\\\/#primaryimage\"},\"thumbnailUrl\":\"https:\\\/\\\/ekoni.hu\\\/wp-content\\\/uploads\\\/2023\\\/06\\\/P1024630-masolat-e1707699177469.jpg\",\"datePublished\":\"2023-06-22T10:11:22+00:00\",\"dateModified\":\"2026-04-09T13:21:04+00:00\",\"breadcrumb\":{\"@id\":\"https:\\\/\\\/ekoni.hu\\\/uzlet\\\/xvi-szazad-1500-1600\\\/fodros-galleros-ing\\\/#breadcrumb\"},\"inLanguage\":\"en-GB\",\"potentialAction\":[{\"@type\":\"ReadAction\",\"target\":[\"https:\\\/\\\/ekoni.hu\\\/uzlet\\\/xvi-szazad-1500-1600\\\/fodros-galleros-ing\\\/\"]}]},{\"@type\":\"ImageObject\",\"inLanguage\":\"en-GB\",\"@id\":\"https:\\\/\\\/ekoni.hu\\\/uzlet\\\/xvi-szazad-1500-1600\\\/fodros-galleros-ing\\\/#primaryimage\",\"url\":\"https:\\\/\\\/ekoni.hu\\\/wp-content\\\/uploads\\\/2023\\\/06\\\/P1024630-masolat-e1707699177469.jpg\",\"contentUrl\":\"https:\\\/\\\/ekoni.hu\\\/wp-content\\\/uploads\\\/2023\\\/06\\\/P1024630-masolat-e1707699177469.jpg\",\"width\":1333,\"height\":1426},{\"@type\":\"BreadcrumbList\",\"@id\":\"https:\\\/\\\/ekoni.hu\\\/uzlet\\\/xvi-szazad-1500-1600\\\/fodros-galleros-ing\\\/#breadcrumb\",\"itemListElement\":[{\"@type\":\"ListItem\",\"position\":1,\"name\":\"Kezd\u0151lap\",\"item\":\"https:\\\/\\\/ekoni.hu\\\/\"},{\"@type\":\"ListItem\",\"position\":2,\"name\":\"\u00dczlet\",\"item\":\"https:\\\/\\\/ekoni.hu\\\/\"},{\"@type\":\"ListItem\",\"position\":3,\"name\":\"Fodros Gall\u00e9ros ing\"}]},{\"@type\":\"WebSite\",\"@id\":\"https:\\\/\\\/ekoni.hu\\\/#website\",\"url\":\"https:\\\/\\\/ekoni.hu\\\/\",\"name\":\"Ekoni\",\"description\":\"\",\"publisher\":{\"@id\":\"https:\\\/\\\/ekoni.hu\\\/#organization\"},\"potentialAction\":[{\"@type\":\"SearchAction\",\"target\":{\"@type\":\"EntryPoint\",\"urlTemplate\":\"https:\\\/\\\/ekoni.hu\\\/?s={search_term_string}\"},\"query-input\":{\"@type\":\"PropertyValueSpecification\",\"valueRequired\":true,\"valueName\":\"search_term_string\"}}],\"inLanguage\":\"en-GB\"},{\"@type\":\"Organization\",\"@id\":\"https:\\\/\\\/ekoni.hu\\\/#organization\",\"name\":\"Ekoni\",\"url\":\"https:\\\/\\\/ekoni.hu\\\/\",\"logo\":{\"@type\":\"ImageObject\",\"inLanguage\":\"en-GB\",\"@id\":\"https:\\\/\\\/ekoni.hu\\\/#\\\/schema\\\/logo\\\/image\\\/\",\"url\":\"https:\\\/\\\/ekoni.hu\\\/wp-content\\\/uploads\\\/2023\\\/11\\\/cropped-logo-nobg-1.png\",\"contentUrl\":\"https:\\\/\\\/ekoni.hu\\\/wp-content\\\/uploads\\\/2023\\\/11\\\/cropped-logo-nobg-1.png\",\"width\":500,\"height\":500,\"caption\":\"Ekoni\"},\"image\":{\"@id\":\"https:\\\/\\\/ekoni.hu\\\/#\\\/schema\\\/logo\\\/image\\\/\"}}]}<\/script>\n<!-- \/ Yoast SEO plugin. -->","yoast_head_json":{"title":"Fodros Gall\u00e9ros ing - Ekoni","robots":{"index":"index","follow":"follow","max-snippet":"max-snippet:-1","max-image-preview":"max-image-preview:large","max-video-preview":"max-video-preview:-1"},"canonical":"https:\/\/ekoni.hu\/en\/uzlet\/xvi-szazad-1500-1600\/fodros-galleros-ing\/","og_locale":"en_GB","og_type":"article","og_title":"Fodros Gall\u00e9ros ing - Ekoni","og_description":"Alapanyag: Lenv\u00e1szon.  R\u00f6vid le\u00edr\u00e1s: Nyakh\u00e1romsz\u00f6ggel \u00e9s a n\u00e9lk\u00fcl is l\u00e9tezik de a h\u00f3nalj h\u00e1romsz\u00f6g term\u00e9szetesen marad. Magas gall\u00e9ros(11cm), k\u00f6zepes (8cm) alacsony (4cm), mindegyiket megtal\u00e1lod kedves \u00e9rdekl\u0151d\u0151 n\u00e1lunk. A vari\u00e1ci\u00f3 oka nem vagyunk egyform\u00e1k testileg! A fodor tetej\u00e9n plusz cs\u00edpk\u00e9vel d\u00edsz\u00edtettet is csin\u00e1lunk ak\u00e1r n\u0151i m\u00e9retben is. A szab\u00e1sminta tekintet\u00e9ben szerencs\u00e9re van egy Janet Arnold! H\u00e1la Neki! A nagyon prec\u00edz sok kutat\u00f3munk\u00e1j\u00e1\u00e9rt h\u00e1l\u00e1sak lehet\u00fcnk!  Hivatkoz\u00e1s: The unidentified tailor in Giovanni Battista Moroni's famous portrait of c. 1570 is in doublet and lined and stuffed Janet Arnold 1580-1600 Museum of London 28.84, (12.c), 1580-1600 The Metropolitan Museum of Art, New York Trs 10.142.2, 1567 Upsala Cathedral M\u00e9ret t\u00e1bl\u00e1zat","og_url":"https:\/\/ekoni.hu\/en\/uzlet\/xvi-szazad-1500-1600\/fodros-galleros-ing\/","og_site_name":"Ekoni","article_modified_time":"2026-04-09T13:21:04+00:00","og_image":[{"width":1333,"height":1426,"url":"http:\/\/ekoni.hu\/wp-content\/uploads\/2023\/06\/P1024630-masolat-e1707699177469.jpg","type":"image\/jpeg"}],"twitter_card":"summary_large_image","twitter_misc":{"Estimated reading time":"1 minute"},"schema":{"@context":"https:\/\/schema.org","@graph":[{"@type":"WebPage","@id":"https:\/\/ekoni.hu\/uzlet\/xvi-szazad-1500-1600\/fodros-galleros-ing\/","url":"https:\/\/ekoni.hu\/uzlet\/xvi-szazad-1500-1600\/fodros-galleros-ing\/","name":"Fodros Gall\u00e9ros ing - Ekoni","isPartOf":{"@id":"https:\/\/ekoni.hu\/#website"},"primaryImageOfPage":{"@id":"https:\/\/ekoni.hu\/uzlet\/xvi-szazad-1500-1600\/fodros-galleros-ing\/#primaryimage"},"image":{"@id":"https:\/\/ekoni.hu\/uzlet\/xvi-szazad-1500-1600\/fodros-galleros-ing\/#primaryimage"},"thumbnailUrl":"https:\/\/ekoni.hu\/wp-content\/uploads\/2023\/06\/P1024630-masolat-e1707699177469.jpg","datePublished":"2023-06-22T10:11:22+00:00","dateModified":"2026-04-09T13:21:04+00:00","breadcrumb":{"@id":"https:\/\/ekoni.hu\/uzlet\/xvi-szazad-1500-1600\/fodros-galleros-ing\/#breadcrumb"},"inLanguage":"en-GB","potentialAction":[{"@type":"ReadAction","target":["https:\/\/ekoni.hu\/uzlet\/xvi-szazad-1500-1600\/fodros-galleros-ing\/"]}]},{"@type":"ImageObject","inLanguage":"en-GB","@id":"https:\/\/ekoni.hu\/uzlet\/xvi-szazad-1500-1600\/fodros-galleros-ing\/#primaryimage","url":"https:\/\/ekoni.hu\/wp-content\/uploads\/2023\/06\/P1024630-masolat-e1707699177469.jpg","contentUrl":"https:\/\/ekoni.hu\/wp-content\/uploads\/2023\/06\/P1024630-masolat-e1707699177469.jpg","width":1333,"height":1426},{"@type":"BreadcrumbList","@id":"https:\/\/ekoni.hu\/uzlet\/xvi-szazad-1500-1600\/fodros-galleros-ing\/#breadcrumb","itemListElement":[{"@type":"ListItem","position":1,"name":"Kezd\u0151lap","item":"https:\/\/ekoni.hu\/"},{"@type":"ListItem","position":2,"name":"\u00dczlet","item":"https:\/\/ekoni.hu\/"},{"@type":"ListItem","position":3,"name":"Fodros Gall\u00e9ros ing"}]},{"@type":"WebSite","@id":"https:\/\/ekoni.hu\/#website","url":"https:\/\/ekoni.hu\/","name":"Ekoni","description":"","publisher":{"@id":"https:\/\/ekoni.hu\/#organization"},"potentialAction":[{"@type":"SearchAction","target":{"@type":"EntryPoint","urlTemplate":"https:\/\/ekoni.hu\/?s={search_term_string}"},"query-input":{"@type":"PropertyValueSpecification","valueRequired":true,"valueName":"search_term_string"}}],"inLanguage":"en-GB"},{"@type":"Organization","@id":"https:\/\/ekoni.hu\/#organization","name":"Ekoni","url":"https:\/\/ekoni.hu\/","logo":{"@type":"ImageObject","inLanguage":"en-GB","@id":"https:\/\/ekoni.hu\/#\/schema\/logo\/image\/","url":"https:\/\/ekoni.hu\/wp-content\/uploads\/2023\/11\/cropped-logo-nobg-1.png","contentUrl":"https:\/\/ekoni.hu\/wp-content\/uploads\/2023\/11\/cropped-logo-nobg-1.png","width":500,"height":500,"caption":"Ekoni"},"image":{"@id":"https:\/\/ekoni.hu\/#\/schema\/logo\/image\/"}}]}},"_links":{"self":[{"href":"https:\/\/ekoni.hu\/en\/wp-json\/wp\/v2\/product\/891","targetHints":{"allow":["GET"]}}],"collection":[{"href":"https:\/\/ekoni.hu\/en\/wp-json\/wp\/v2\/product"}],"about":[{"href":"https:\/\/ekoni.hu\/en\/wp-json\/wp\/v2\/types\/product"}],"replies":[{"embeddable":true,"href":"https:\/\/ekoni.hu\/en\/wp-json\/wp\/v2\/comments?post=891"}],"wp:featuredmedia":[{"embeddable":true,"href":"https:\/\/ekoni.hu\/en\/wp-json\/wp\/v2\/media\/1989"}],"wp:attachment":[{"href":"https:\/\/ekoni.hu\/en\/wp-json\/wp\/v2\/media?parent=891"}],"wp:term":[{"taxonomy":"product_brand","embeddable":true,"href":"https:\/\/ekoni.hu\/en\/wp-json\/wp\/v2\/product_brand?post=891"},{"taxonomy":"product_cat","embeddable":true,"href":"https:\/\/ekoni.hu\/en\/wp-json\/wp\/v2\/product_cat?post=891"},{"taxonomy":"product_tag","embeddable":true,"href":"https:\/\/ekoni.hu\/en\/wp-json\/wp\/v2\/product_tag?post=891"}],"curies":[{"name":"wp","href":"https:\/\/api.w.org\/{rel}","templated":true}]}}